{"id":623,"date":"2022-05-07T14:57:55","date_gmt":"2022-05-07T06:57:55","guid":{"rendered":"http:\/\/vneat.org\/?page_id=623"},"modified":"2022-05-14T16:54:30","modified_gmt":"2022-05-14T08:54:30","slug":"hoi-vien-ca-nhan","status":"publish","type":"page","link":"https:\/\/vneat.org\/?page_id=623","title":{"rendered":"H\u1ed9i vi\u00ean c\u00e1 nh\u00e2n"},"content":{"rendered":"<div class=\"wpforms-container wpforms-container-full\" id=\"wpforms-619\"><form id=\"wpforms-form-619\" class=\"wpforms-validate wpforms-form wpforms-ajax-form\" data-formid=\"619\" method=\"post\" enctype=\"multipart\/form-data\" action=\"\/index.php?rest_route=%2Fwp%2Fv2%2Fpages%2F623\" data-token=\"f71dc7eb71ee264e3299c1ac0b059f8a\"><noscript class=\"wpforms-error-noscript\">Please enable JavaScript in your browser to complete this form.<\/noscript><div class=\"wpforms-field-container\"><div id=\"wpforms-619-field_4-container\" class=\"wpforms-field wpforms-field-text\" data-field-id=\"4\"><label class=\"wpforms-field-label\" for=\"wpforms-619-field_4\">Applicant&#039;s name <span class=\"wpforms-required-label\">*<\/span><\/label><input type=\"text\" id=\"wpforms-619-field_4\" class=\"wpforms-field-medium wpforms-field-required\" name=\"wpforms[fields][4]\" required><\/div><div id=\"wpforms-619-field_6-container\" class=\"wpforms-field wpforms-field-text\" data-field-id=\"6\"><label class=\"wpforms-field-label\" for=\"wpforms-619-field_6\">Date of birth <span class=\"wpforms-required-label\">*<\/span><\/label><input type=\"text\" id=\"wpforms-619-field_6\" class=\"wpforms-field-medium wpforms-field-required\" name=\"wpforms[fields][6]\" required><div class=\"wpforms-field-description\">Example: 1990\/01\/01<\/div><\/div><div id=\"wpforms-619-field_7-container\" class=\"wpforms-field wpforms-field-text\" data-field-id=\"7\"><label class=\"wpforms-field-label\" for=\"wpforms-619-field_7\">ARC number (Passport) <span class=\"wpforms-required-label\">*<\/span><\/label><input type=\"text\" id=\"wpforms-619-field_7\" class=\"wpforms-field-medium wpforms-field-required\" name=\"wpforms[fields][7]\" required><\/div><div id=\"wpforms-619-field_8-container\" class=\"wpforms-field wpforms-field-radio\" data-field-id=\"8\"><label class=\"wpforms-field-label\" for=\"wpforms-619-field_8\">Gender <span class=\"wpforms-required-label\">*<\/span><\/label><ul id=\"wpforms-619-field_8\" class=\"wpforms-field-required\"><li class=\"choice-1 depth-1\"><input type=\"radio\" id=\"wpforms-619-field_8_1\" name=\"wpforms[fields][8]\" value=\"Male\" required ><label class=\"wpforms-field-label-inline\" for=\"wpforms-619-field_8_1\">Male<\/label><\/li><li class=\"choice-2 depth-1\"><input type=\"radio\" id=\"wpforms-619-field_8_2\" name=\"wpforms[fields][8]\" value=\"Female\" required ><label class=\"wpforms-field-label-inline\" for=\"wpforms-619-field_8_2\">Female<\/label><\/li><li class=\"choice-3 depth-1\"><input type=\"radio\" id=\"wpforms-619-field_8_3\" name=\"wpforms[fields][8]\" value=\"Other\" required ><label class=\"wpforms-field-label-inline\" for=\"wpforms-619-field_8_3\">Other<\/label><\/li><\/ul><\/div><div id=\"wpforms-619-field_10-container\" class=\"wpforms-field wpforms-field-text\" data-field-id=\"10\"><label class=\"wpforms-field-label\" for=\"wpforms-619-field_10\">Organization <span class=\"wpforms-required-label\">*<\/span><\/label><input type=\"text\" id=\"wpforms-619-field_10\" class=\"wpforms-field-medium wpforms-field-required\" name=\"wpforms[fields][10]\" required><\/div><div id=\"wpforms-619-field_11-container\" class=\"wpforms-field wpforms-field-text\" data-field-id=\"11\"><label class=\"wpforms-field-label\" for=\"wpforms-619-field_11\">Position <span class=\"wpforms-required-label\">*<\/span><\/label><input type=\"text\" id=\"wpforms-619-field_11\" class=\"wpforms-field-medium wpforms-field-required\" name=\"wpforms[fields][11]\" required><\/div><div id=\"wpforms-619-field_12-container\" class=\"wpforms-field wpforms-field-text\" data-field-id=\"12\"><label class=\"wpforms-field-label\" for=\"wpforms-619-field_12\">Address <span class=\"wpforms-required-label\">*<\/span><\/label><input type=\"text\" id=\"wpforms-619-field_12\" class=\"wpforms-field-medium wpforms-field-required\" name=\"wpforms[fields][12]\" required><\/div><div id=\"wpforms-619-field_13-container\" class=\"wpforms-field wpforms-field-number\" data-field-id=\"13\"><label class=\"wpforms-field-label\" for=\"wpforms-619-field_13\">Phone number <span class=\"wpforms-required-label\">*<\/span><\/label><input type=\"number\" pattern=\"\\d*\" id=\"wpforms-619-field_13\" class=\"wpforms-field-medium wpforms-field-required\" name=\"wpforms[fields][13]\" required><\/div><div id=\"wpforms-619-field_14-container\" class=\"wpforms-field wpforms-field-email\" data-field-id=\"14\"><label class=\"wpforms-field-label\" for=\"wpforms-619-field_14\">Email <span class=\"wpforms-required-label\">*<\/span><\/label><input type=\"email\" id=\"wpforms-619-field_14\" class=\"wpforms-field-medium wpforms-field-required\" name=\"wpforms[fields][14]\" required><\/div><\/div><div class=\"wpforms-submit-container\"><input type=\"hidden\" name=\"wpforms[id]\" value=\"619\"><input type=\"hidden\" name=\"wpforms[author]\" value=\"1\"><button type=\"submit\" name=\"wpforms[submit]\" id=\"wpforms-submit-619\" class=\"wpforms-submit\" data-alt-text=\"Sending...\" data-submit-text=\"Submit\" aria-live=\"assertive\" value=\"wpforms-submit\">Submit<\/button><img loading=\"lazy\" decoding=\"async\" src=\"https:\/\/vneat.org\/wp-content\/plugins\/wpforms-lite\/assets\/images\/submit-spin.svg\" class=\"wpforms-submit-spinner\" style=\"display: none;\" width=\"26\" height=\"26\" alt=\"\"><\/div><\/form><\/div>  <!-- .wpforms-container -->\n","protected":false},"excerpt":{"rendered":"","protected":false},"author":1,"featured_media":0,"parent":0,"menu_order":0,"comment_status":"closed","ping_status":"closed","template":"","meta":{"_FSMCFIC_featured_image_caption":"","_FSMCFIC_featured_image_nocaption":"","_FSMCFIC_featured_image_hide":"","footnotes":"","_links_to":"","_links_to_target":""},"class_list":["post-623","page","type-page","status-publish","hentry","new-post"],"yoast_head":"<!-- This site is optimized with the Yoast SEO plugin v18.9 - https:\/\/yoast.com\/wordpress\/plugins\/seo\/ -->\n<title>H\u1ed9i vi\u00ean c\u00e1 nh\u00e2n - H\u1ed9i Chuy\u00ean Gia Vi\u1ec7t Nam t\u1ea1i \u0110\u00e0i Loan<\/title>\n<meta name=\"robots\" content=\"index, follow, max-snippet:-1, max-image-preview:large, max-video-preview:-1\" \/>\n<link rel=\"canonical\" href=\"https:\/\/vneat.org\/?page_id=623\" \/>\n<meta property=\"og:locale\" content=\"vi_VN\" \/>\n<meta property=\"og:type\" content=\"article\" \/>\n<meta property=\"og:title\" content=\"H\u1ed9i vi\u00ean c\u00e1 nh\u00e2n - H\u1ed9i Chuy\u00ean Gia Vi\u1ec7t Nam t\u1ea1i \u0110\u00e0i Loan\" \/>\n<meta property=\"og:url\" content=\"https:\/\/vneat.org\/?page_id=623\" \/>\n<meta property=\"og:site_name\" content=\"H\u1ed9i Chuy\u00ean Gia Vi\u1ec7t Nam t\u1ea1i \u0110\u00e0i Loan\" \/>\n<meta property=\"article:modified_time\" content=\"2022-05-14T08:54:30+00:00\" \/>\n<meta property=\"og:image\" content=\"https:\/\/vneat.org\/wp-content\/uploads\/2022\/04\/news_banner-1.jpg\" \/>\n\t<meta property=\"og:image:width\" content=\"764\" \/>\n\t<meta property=\"og:image:height\" content=\"415\" \/>\n\t<meta property=\"og:image:type\" content=\"image\/jpeg\" \/>\n<meta name=\"twitter:card\" content=\"summary_large_image\" \/>\n<script type=\"application\/ld+json\" class=\"yoast-schema-graph\">{\"@context\":\"https:\/\/schema.org\",\"@graph\":[{\"@type\":\"Organization\",\"@id\":\"https:\/\/vneat.org\/#organization\",\"name\":\"H\u1ed9i Chuy\u00ean Gia Vi\u1ec7t Nam t\u1ea1i \u0110\u00e0i Loan\",\"url\":\"https:\/\/vneat.org\/\",\"sameAs\":[],\"logo\":{\"@type\":\"ImageObject\",\"inLanguage\":\"vi\",\"@id\":\"https:\/\/vneat.org\/#\/schema\/logo\/image\/\",\"url\":\"https:\/\/vneat.org\/wp-content\/uploads\/2022\/04\/VNEAT_small_logo.png\",\"contentUrl\":\"https:\/\/vneat.org\/wp-content\/uploads\/2022\/04\/VNEAT_small_logo.png\",\"width\":512,\"height\":204,\"caption\":\"H\u1ed9i Chuy\u00ean Gia Vi\u1ec7t Nam t\u1ea1i \u0110\u00e0i Loan\"},\"image\":{\"@id\":\"https:\/\/vneat.org\/#\/schema\/logo\/image\/\"}},{\"@type\":\"WebSite\",\"@id\":\"https:\/\/vneat.org\/#website\",\"url\":\"https:\/\/vneat.org\/\",\"name\":\"H\u1ed9i Chuy\u00ean Gia Vi\u1ec7t Nam t\u1ea1i \u0110\u00e0i Loan\",\"description\":\"Connect and Cooperate to Develope\",\"publisher\":{\"@id\":\"https:\/\/vneat.org\/#organization\"},\"potentialAction\":[{\"@type\":\"SearchAction\",\"target\":{\"@type\":\"EntryPoint\",\"urlTemplate\":\"https:\/\/vneat.org\/?s={search_term_string}\"},\"query-input\":\"required name=search_term_string\"}],\"inLanguage\":\"vi\"},{\"@type\":\"WebPage\",\"@id\":\"https:\/\/vneat.org\/?page_id=623#webpage\",\"url\":\"https:\/\/vneat.org\/?page_id=623\",\"name\":\"H\u1ed9i vi\u00ean c\u00e1 nh\u00e2n - H\u1ed9i Chuy\u00ean Gia Vi\u1ec7t Nam t\u1ea1i \u0110\u00e0i Loan\",\"isPartOf\":{\"@id\":\"https:\/\/vneat.org\/#website\"},\"datePublished\":\"2022-05-07T06:57:55+00:00\",\"dateModified\":\"2022-05-14T08:54:30+00:00\",\"breadcrumb\":{\"@id\":\"https:\/\/vneat.org\/?page_id=623#breadcrumb\"},\"inLanguage\":\"vi\",\"potentialAction\":[{\"@type\":\"ReadAction\",\"target\":[\"https:\/\/vneat.org\/?page_id=623\"]}]},{\"@type\":\"BreadcrumbList\",\"@id\":\"https:\/\/vneat.org\/?page_id=623#breadcrumb\",\"itemListElement\":[{\"@type\":\"ListItem\",\"position\":1,\"name\":\"Trang ch\u1ee7\",\"item\":\"http:\/\/vneat.org\/\"},{\"@type\":\"ListItem\",\"position\":2,\"name\":\"H\u1ed9i vi\u00ean c\u00e1 nh\u00e2n\"}]}]}<\/script>\n<!-- \/ Yoast SEO plugin. -->","yoast_head_json":{"title":"H\u1ed9i vi\u00ean c\u00e1 nh\u00e2n - H\u1ed9i Chuy\u00ean Gia Vi\u1ec7t Nam t\u1ea1i \u0110\u00e0i Loan","robots":{"index":"index","follow":"follow","max-snippet":"max-snippet:-1","max-image-preview":"max-image-preview:large","max-video-preview":"max-video-preview:-1"},"canonical":"https:\/\/vneat.org\/?page_id=623","og_locale":"vi_VN","og_type":"article","og_title":"H\u1ed9i vi\u00ean c\u00e1 nh\u00e2n - H\u1ed9i Chuy\u00ean Gia Vi\u1ec7t Nam t\u1ea1i \u0110\u00e0i Loan","og_url":"https:\/\/vneat.org\/?page_id=623","og_site_name":"H\u1ed9i Chuy\u00ean Gia Vi\u1ec7t Nam t\u1ea1i \u0110\u00e0i Loan","article_modified_time":"2022-05-14T08:54:30+00:00","og_image":[{"width":764,"height":415,"url":"https:\/\/vneat.org\/wp-content\/uploads\/2022\/04\/news_banner-1.jpg","type":"image\/jpeg"}],"twitter_card":"summary_large_image","schema":{"@context":"https:\/\/schema.org","@graph":[{"@type":"Organization","@id":"https:\/\/vneat.org\/#organization","name":"H\u1ed9i Chuy\u00ean Gia Vi\u1ec7t Nam t\u1ea1i \u0110\u00e0i Loan","url":"https:\/\/vneat.org\/","sameAs":[],"logo":{"@type":"ImageObject","inLanguage":"vi","@id":"https:\/\/vneat.org\/#\/schema\/logo\/image\/","url":"https:\/\/vneat.org\/wp-content\/uploads\/2022\/04\/VNEAT_small_logo.png","contentUrl":"https:\/\/vneat.org\/wp-content\/uploads\/2022\/04\/VNEAT_small_logo.png","width":512,"height":204,"caption":"H\u1ed9i Chuy\u00ean Gia Vi\u1ec7t Nam t\u1ea1i \u0110\u00e0i Loan"},"image":{"@id":"https:\/\/vneat.org\/#\/schema\/logo\/image\/"}},{"@type":"WebSite","@id":"https:\/\/vneat.org\/#website","url":"https:\/\/vneat.org\/","name":"H\u1ed9i Chuy\u00ean Gia Vi\u1ec7t Nam t\u1ea1i \u0110\u00e0i Loan","description":"Connect and Cooperate to Develope","publisher":{"@id":"https:\/\/vneat.org\/#organization"},"potentialAction":[{"@type":"SearchAction","target":{"@type":"EntryPoint","urlTemplate":"https:\/\/vneat.org\/?s={search_term_string}"},"query-input":"required name=search_term_string"}],"inLanguage":"vi"},{"@type":"WebPage","@id":"https:\/\/vneat.org\/?page_id=623#webpage","url":"https:\/\/vneat.org\/?page_id=623","name":"H\u1ed9i vi\u00ean c\u00e1 nh\u00e2n - H\u1ed9i Chuy\u00ean Gia Vi\u1ec7t Nam t\u1ea1i \u0110\u00e0i Loan","isPartOf":{"@id":"https:\/\/vneat.org\/#website"},"datePublished":"2022-05-07T06:57:55+00:00","dateModified":"2022-05-14T08:54:30+00:00","breadcrumb":{"@id":"https:\/\/vneat.org\/?page_id=623#breadcrumb"},"inLanguage":"vi","potentialAction":[{"@type":"ReadAction","target":["https:\/\/vneat.org\/?page_id=623"]}]},{"@type":"BreadcrumbList","@id":"https:\/\/vneat.org\/?page_id=623#breadcrumb","itemListElement":[{"@type":"ListItem","position":1,"name":"Trang ch\u1ee7","item":"http:\/\/vneat.org\/"},{"@type":"ListItem","position":2,"name":"H\u1ed9i vi\u00ean c\u00e1 nh\u00e2n"}]}]}},"_links":{"self":[{"href":"https:\/\/vneat.org\/index.php?rest_route=\/wp\/v2\/pages\/623","targetHints":{"allow":["GET"]}}],"collection":[{"href":"https:\/\/vneat.org\/index.php?rest_route=\/wp\/v2\/pages"}],"about":[{"href":"https:\/\/vneat.org\/index.php?rest_route=\/wp\/v2\/types\/page"}],"author":[{"embeddable":true,"href":"https:\/\/vneat.org\/index.php?rest_route=\/wp\/v2\/users\/1"}],"replies":[{"embeddable":true,"href":"https:\/\/vneat.org\/index.php?rest_route=%2Fwp%2Fv2%2Fcomments&post=623"}],"version-history":[{"count":2,"href":"https:\/\/vneat.org\/index.php?rest_route=\/wp\/v2\/pages\/623\/revisions"}],"predecessor-version":[{"id":635,"href":"https:\/\/vneat.org\/index.php?rest_route=\/wp\/v2\/pages\/623\/revisions\/635"}],"wp:attachment":[{"href":"https:\/\/vneat.org\/index.php?rest_route=%2Fwp%2Fv2%2Fmedia&parent=623"}],"curies":[{"name":"wp","href":"https:\/\/api.w.org\/{rel}","templated":true}]}}