

{"id":39,"date":"2022-04-27T11:48:38","date_gmt":"2022-04-27T03:48:38","guid":{"rendered":"http:\/\/vneat.org\/?page_id=39"},"modified":"2022-04-28T07:55:09","modified_gmt":"2022-04-27T23:55:09","slug":"lien-he","status":"publish","type":"page","link":"https:\/\/vneat.org\/?page_id=39","title":{"rendered":"Li\u00ean h\u1ec7"},"content":{"rendered":"\n<p><strong>H\u1ed9i Chuy\u00ean Gia Vi\u1ec7t Nam t\u1ea1i \u0110\u00e0i Loan<\/strong><\/p>\n\n\n\n<p><strong>\u0110\u1ecba ch\u1ec9: <\/strong><strong>\u53f0\u5317\u5e02\u4e2d\u5c71\u5340\u677e\u6c5f\u8def<\/strong><strong>3<\/strong><strong>\u865f\u4e09\u6a13\u4e4b<\/strong><strong>5<\/strong><\/p>\n\n\n\n<p>&nbsp;&nbsp;&nbsp;&nbsp;&nbsp;&nbsp;&nbsp;&nbsp;&nbsp;&nbsp;&nbsp;&nbsp;&nbsp; 3F5, No.3 Songchiang Road, Zhongshan District, Taipei, Taiwan<\/p>\n\n\n\n<p>Email: <a href=\"mailto:vneat.secretariat@gmail.com\" data-type=\"mailto\" data-id=\"mailto:vneat.secretariat@gmail.com\">vneat.secretariat@gmail.com<\/a><\/p>\n\n\n\n\n\t\t\t\t<div id=\"map_ol3js_1\" class=\"map undefined\" data-map_name=\"undefined\" data-map=\"map_ol3js_1\" style=\"width:95%; max-width:100%; height:450px; display:block; overflow:hidden;border:2px solid grey; background-image: url(https:\/\/vneat.org\/wp-content\/plugins\/osm\/GDPR_bckgrnd.png); background-repeat: no-repeat; background-position: center; position: relative;\" >\n\t\t\t\t  <div id=\"map_ol3js_1_popup\" class=\"ol-popup\" >\n\t\t\t\t\t<a href=\"#\" id=\"map_ol3js_1_popup-closer\" class=\"ol-popup-closer\"><\/a>\n\t\t\t\t\t<div id=\"map_ol3js_1_popup-content\" ><\/div>\n\t\t\t\t  <\/div>\n\t\t\t\t<\/div>\n\t\t\t\n\t\t\t\t<link rel=\"stylesheet\" href=\"https:\/\/vneat.org\/wp-content\/plugins\/osm\/js\/OL\/7.1.0\/ol.css?ver=7.1.0\" type=\"text\/css\">\n\t\t\t\t<link rel=\"stylesheet\" href=\"https:\/\/vneat.org\/wp-content\/plugins\/osm\/css\/osm_map_v3.css?ver=1.0.0\" type=\"text\/css\">\n\t\t\t\t<link rel=\"stylesheet\" href=\"https:\/\/vneat.org\/wp-content\/plugins\/osm\/css\/osm_map.css?ver=1.0.0\" type=\"text\/css\">\n\t\t\t\t<!-- The line below is only needed for old environments like Internet Explorer and Android 4.x -->\n                                <script src=\"https:\/\/vneat.org\/wp-content\/plugins\/osm\/js\/polyfill\/v2\/polyfill.min.js?features=requestAnimationFrame,Element.prototype.classList,URL\"><\/script>\n\n\t\t\t\t<script src=\"https:\/\/vneat.org\/wp-content\/plugins\/osm\/js\/OL\/7.1.0\/ol.js?ver=7.1.0\" type=\"text\/javascript\"><\/script>\n\t\t\t\t<script src=\"https:\/\/vneat.org\/wp-content\/plugins\/osm\/js\/osm-v3-plugin-lib.js?ver=1.0.0\" type=\"text\/javascript\"><\/script>\n\t\t\t\t<script src=\"https:\/\/vneat.org\/wp-content\/plugins\/osm\/js\/osm-metabox-events.js?ver=1.0.0\" type=\"text\/javascript\"><\/script>\n\t\t\t\t<script src=\"https:\/\/vneat.org\/wp-content\/plugins\/osm\/js\/osm-startup-lib.js\" type=\"text\/javascript\"><\/script>\n\t\t\t\t<script type=\"text\/javascript\">\n\t\t\t\t\ttranslations['openlayer'] = \"open layer\";\n\t\t\t\t\ttranslations['openlayerAtStartup'] = \"open layer at startup\";\n\t\t\t\t\ttranslations['generateLink'] = \"link to this map with opened layers\";\n\t\t\t\t\ttranslations['shortDescription'] = \"short description\";\n\t\t\t\t\ttranslations['generatedShortCode'] = \"to get a text control link paste this code in your wordpress editor\";\n\t\t\t\t\ttranslations['closeLayer'] = \"close layer\";\n\t\t\t\t\ttranslations['cantGenerateLink'] = \"put this string in the existing map short code to control this map\";\n\t\t\t  <\/script>\n\n\n\t\t\t  <script type=\"text\/javascript\">\n\t\t\t  vectorM['map_ol3js_1'] = [];\n\t        \n        var raster = getTileLayer(\"osm\",\"NoKey\");\t\t\t\n\n\t\t\t  var map_ol3js_1 = new ol.Map({\n\t\t\t\tinteractions: ol.interaction.defaults.defaults({mouseWheelZoom:false}),\n\t\t\t\tlayers: [raster],\n\t\t\t\ttarget: \"map_ol3js_1\",\n\t\t\t\tview: new ol.View({\n\t\t\t\t  center: ol.proj.transform([121.5355,25.0455], \"EPSG:4326\", \"EPSG:3857\"),\n\t\t\t\t  zoom: 17.0\n\t\t\t\t})\n\t\t\t  });\n\t\t\t  osm_addMarkerLayer(map_ol3js_1,121.5370,25.0451,\"https:\/\/vneat.org\/wp-content\/plugins\/osm\/icons\/mic_gold_stolperstein-L.png\",-16,-41,\"<p>H\u1ed9i Chuy\u00ean Gia Vi\u1ec7t Nam t\u1ea1i \u0110\u00e0i Loan\u0110\u1ecba ch\u1ec9: \u53f0\u5317\u5e02\u4e2d\u5c71\u5340\u677e\u6c5f\u8def3\u865f\u4e09\u6a13\u4e4b5<\/p>\") ; \naddControls2Map(map_ol3js_1,1,1,3,1,5,6,7,1,1);\nosm_addPopupClickhandler(map_ol3js_1,  \"map_ol3js_1\"); \nosm_addMouseHover(map_ol3js_1); <\/script>\n\n\n\n<p><strong>\u0110\u1ecba ch\u1ec9 li\u00ean l\u1ea1c Ch\u1ee7 t\u1ecbch VNEAT &#8211; TS. Nguy\u1ec5n Kim Anh<\/strong><\/p>\n\n\n\n<ul class=\"wp-block-list\"><li>Email&nbsp;: <a href=\"mailto:nguyenrose@csrsr.ncu.edu.tw\" data-type=\"mailto\" data-id=\"mailto:nguyenrose@csrsr.ncu.edu.tw\">nguyenrose@csrsr.ncu.edu.tw<\/a><\/li><li>S\u1ed1 \u0111i\u1ec7n tho\u1ea1i di \u0111\u1ed9ng:&nbsp; <strong>+886 (0) 978647230<\/strong><\/li><li>Line ID:&nbsp; <strong>0978647230<\/strong><\/li><li>\u0110i\u1ec7n tho\u1ea1i: <strong>+886-2-2503-9859<\/strong><\/li><\/ul>\n","protected":false},"excerpt":{"rendered":"<p>H\u1ed9i Chuy\u00ean Gia Vi\u1ec7t Nam t\u1ea1i \u0110\u00e0i Loan \u0110\u1ecba ch\u1ec9: \u53f0\u5317\u5e02\u4e2d\u5c71\u5340\u677e\u6c5f\u8def3\u865f\u4e09\u6a13\u4e4b5 &nbsp;&nbsp;&nbsp;&nbsp;&nbsp;&nbsp;&nbsp;&nbsp;&nbsp;&nbsp;&nbsp;&nbsp;&nbsp; 3F5, No.3 Songchiang Road, Zhongshan District, Taipei, Taiwan Email: vneat.secretariat@gmail.com \u0110\u1ecba ch\u1ec9 li\u00ean l\u1ea1c Ch\u1ee7 t\u1ecbch VNEAT &#8211; TS. Nguy\u1ec5n Kim Anh Email&nbsp;: nguyenrose@csrsr.ncu.edu.tw S\u1ed1 \u0111i\u1ec7n tho\u1ea1i di \u0111\u1ed9ng:&nbsp; +886 (0) 978647230 Line ID:&nbsp; 0978647230 \u0110i\u1ec7n tho\u1ea1i: +886-2-2503-9859<\/p>\n","protected":false},"author":1,"featured_media":0,"parent":0,"menu_order":0,"comment_status":"closed","ping_status":"closed","template":"","meta":{"_FSMCFIC_featured_image_caption":"","_FSMCFIC_featured_image_nocaption":"","_FSMCFIC_featured_image_hide":"","footnotes":"","_links_to":"","_links_to_target":""},"class_list":["post-39","page","type-page","status-publish","hentry","new-post"],"yoast_head":"<!-- This site is optimized with the Yoast SEO plugin v18.9 - https:\/\/yoast.com\/wordpress\/plugins\/seo\/ -->\n<title>Li\u00ean h\u1ec7 - H\u1ed9i Chuy\u00ean Gia Vi\u1ec7t Nam t\u1ea1i \u0110\u00e0i Loan<\/title>\n<meta name=\"robots\" content=\"index, follow, max-snippet:-1, max-image-preview:large, max-video-preview:-1\" \/>\n<link rel=\"canonical\" href=\"https:\/\/vneat.org\/?page_id=39\" \/>\n<meta property=\"og:locale\" content=\"vi_VN\" \/>\n<meta property=\"og:type\" content=\"article\" \/>\n<meta property=\"og:title\" content=\"Li\u00ean h\u1ec7 - H\u1ed9i Chuy\u00ean Gia Vi\u1ec7t Nam t\u1ea1i \u0110\u00e0i Loan\" \/>\n<meta property=\"og:description\" content=\"H\u1ed9i Chuy\u00ean Gia Vi\u1ec7t Nam t\u1ea1i \u0110\u00e0i Loan \u0110\u1ecba ch\u1ec9: \u53f0\u5317\u5e02\u4e2d\u5c71\u5340\u677e\u6c5f\u8def3\u865f\u4e09\u6a13\u4e4b5 &nbsp;&nbsp;&nbsp;&nbsp;&nbsp;&nbsp;&nbsp;&nbsp;&nbsp;&nbsp;&nbsp;&nbsp;&nbsp; 3F5, No.3 Songchiang Road, Zhongshan District, Taipei, Taiwan Email: vneat.secretariat@gmail.com \u0110\u1ecba ch\u1ec9 li\u00ean l\u1ea1c Ch\u1ee7 t\u1ecbch VNEAT &#8211; TS. Nguy\u1ec5n Kim Anh Email&nbsp;: nguyenrose@csrsr.ncu.edu.tw S\u1ed1 \u0111i\u1ec7n tho\u1ea1i di \u0111\u1ed9ng:&nbsp; +886 (0) 978647230 Line ID:&nbsp; 0978647230 \u0110i\u1ec7n tho\u1ea1i: +886-2-2503-9859\" \/>\n<meta property=\"og:url\" content=\"https:\/\/vneat.org\/?page_id=39\" \/>\n<meta property=\"og:site_name\" content=\"H\u1ed9i Chuy\u00ean Gia Vi\u1ec7t Nam t\u1ea1i \u0110\u00e0i Loan\" \/>\n<meta property=\"article:modified_time\" content=\"2022-04-27T23:55:09+00:00\" \/>\n<meta property=\"og:image\" content=\"https:\/\/vneat.org\/wp-content\/uploads\/2022\/04\/news_banner-1.jpg\" \/>\n\t<meta property=\"og:image:width\" content=\"764\" \/>\n\t<meta property=\"og:image:height\" content=\"415\" \/>\n\t<meta property=\"og:image:type\" content=\"image\/jpeg\" \/>\n<meta name=\"twitter:card\" content=\"summary_large_image\" \/>\n<script type=\"application\/ld+json\" class=\"yoast-schema-graph\">{\"@context\":\"https:\/\/schema.org\",\"@graph\":[{\"@type\":\"Organization\",\"@id\":\"https:\/\/vneat.org\/#organization\",\"name\":\"H\u1ed9i Chuy\u00ean Gia Vi\u1ec7t Nam t\u1ea1i \u0110\u00e0i Loan\",\"url\":\"https:\/\/vneat.org\/\",\"sameAs\":[],\"logo\":{\"@type\":\"ImageObject\",\"inLanguage\":\"vi\",\"@id\":\"https:\/\/vneat.org\/#\/schema\/logo\/image\/\",\"url\":\"https:\/\/vneat.org\/wp-content\/uploads\/2022\/04\/VNEAT_small_logo.png\",\"contentUrl\":\"https:\/\/vneat.org\/wp-content\/uploads\/2022\/04\/VNEAT_small_logo.png\",\"width\":512,\"height\":204,\"caption\":\"H\u1ed9i Chuy\u00ean Gia Vi\u1ec7t Nam t\u1ea1i \u0110\u00e0i Loan\"},\"image\":{\"@id\":\"https:\/\/vneat.org\/#\/schema\/logo\/image\/\"}},{\"@type\":\"WebSite\",\"@id\":\"https:\/\/vneat.org\/#website\",\"url\":\"https:\/\/vneat.org\/\",\"name\":\"H\u1ed9i Chuy\u00ean Gia Vi\u1ec7t Nam t\u1ea1i \u0110\u00e0i Loan\",\"description\":\"Connect and Cooperate to Develope\",\"publisher\":{\"@id\":\"https:\/\/vneat.org\/#organization\"},\"potentialAction\":[{\"@type\":\"SearchAction\",\"target\":{\"@type\":\"EntryPoint\",\"urlTemplate\":\"https:\/\/vneat.org\/?s={search_term_string}\"},\"query-input\":\"required name=search_term_string\"}],\"inLanguage\":\"vi\"},{\"@type\":\"WebPage\",\"@id\":\"https:\/\/vneat.org\/?page_id=39#webpage\",\"url\":\"https:\/\/vneat.org\/?page_id=39\",\"name\":\"Li\u00ean h\u1ec7 - H\u1ed9i Chuy\u00ean Gia Vi\u1ec7t Nam t\u1ea1i \u0110\u00e0i Loan\",\"isPartOf\":{\"@id\":\"https:\/\/vneat.org\/#website\"},\"datePublished\":\"2022-04-27T03:48:38+00:00\",\"dateModified\":\"2022-04-27T23:55:09+00:00\",\"breadcrumb\":{\"@id\":\"https:\/\/vneat.org\/?page_id=39#breadcrumb\"},\"inLanguage\":\"vi\",\"potentialAction\":[{\"@type\":\"ReadAction\",\"target\":[\"https:\/\/vneat.org\/?page_id=39\"]}]},{\"@type\":\"BreadcrumbList\",\"@id\":\"https:\/\/vneat.org\/?page_id=39#breadcrumb\",\"itemListElement\":[{\"@type\":\"ListItem\",\"position\":1,\"name\":\"Trang ch\u1ee7\",\"item\":\"http:\/\/vneat.org\/\"},{\"@type\":\"ListItem\",\"position\":2,\"name\":\"Li\u00ean h\u1ec7\"}]}]}<\/script>\n<!-- \/ Yoast SEO plugin. -->","yoast_head_json":{"title":"Li\u00ean h\u1ec7 - H\u1ed9i Chuy\u00ean Gia Vi\u1ec7t Nam t\u1ea1i \u0110\u00e0i Loan","robots":{"index":"index","follow":"follow","max-snippet":"max-snippet:-1","max-image-preview":"max-image-preview:large","max-video-preview":"max-video-preview:-1"},"canonical":"https:\/\/vneat.org\/?page_id=39","og_locale":"vi_VN","og_type":"article","og_title":"Li\u00ean h\u1ec7 - H\u1ed9i Chuy\u00ean Gia Vi\u1ec7t Nam t\u1ea1i \u0110\u00e0i Loan","og_description":"H\u1ed9i Chuy\u00ean Gia Vi\u1ec7t Nam t\u1ea1i \u0110\u00e0i Loan \u0110\u1ecba ch\u1ec9: \u53f0\u5317\u5e02\u4e2d\u5c71\u5340\u677e\u6c5f\u8def3\u865f\u4e09\u6a13\u4e4b5 &nbsp;&nbsp;&nbsp;&nbsp;&nbsp;&nbsp;&nbsp;&nbsp;&nbsp;&nbsp;&nbsp;&nbsp;&nbsp; 3F5, No.3 Songchiang Road, Zhongshan District, Taipei, Taiwan Email: vneat.secretariat@gmail.com \u0110\u1ecba ch\u1ec9 li\u00ean l\u1ea1c Ch\u1ee7 t\u1ecbch VNEAT &#8211; TS. Nguy\u1ec5n Kim Anh Email&nbsp;: nguyenrose@csrsr.ncu.edu.tw S\u1ed1 \u0111i\u1ec7n tho\u1ea1i di \u0111\u1ed9ng:&nbsp; +886 (0) 978647230 Line ID:&nbsp; 0978647230 \u0110i\u1ec7n tho\u1ea1i: +886-2-2503-9859","og_url":"https:\/\/vneat.org\/?page_id=39","og_site_name":"H\u1ed9i Chuy\u00ean Gia Vi\u1ec7t Nam t\u1ea1i \u0110\u00e0i Loan","article_modified_time":"2022-04-27T23:55:09+00:00","og_image":[{"width":764,"height":415,"url":"https:\/\/vneat.org\/wp-content\/uploads\/2022\/04\/news_banner-1.jpg","type":"image\/jpeg"}],"twitter_card":"summary_large_image","schema":{"@context":"https:\/\/schema.org","@graph":[{"@type":"Organization","@id":"https:\/\/vneat.org\/#organization","name":"H\u1ed9i Chuy\u00ean Gia Vi\u1ec7t Nam t\u1ea1i \u0110\u00e0i Loan","url":"https:\/\/vneat.org\/","sameAs":[],"logo":{"@type":"ImageObject","inLanguage":"vi","@id":"https:\/\/vneat.org\/#\/schema\/logo\/image\/","url":"https:\/\/vneat.org\/wp-content\/uploads\/2022\/04\/VNEAT_small_logo.png","contentUrl":"https:\/\/vneat.org\/wp-content\/uploads\/2022\/04\/VNEAT_small_logo.png","width":512,"height":204,"caption":"H\u1ed9i Chuy\u00ean Gia Vi\u1ec7t Nam t\u1ea1i \u0110\u00e0i Loan"},"image":{"@id":"https:\/\/vneat.org\/#\/schema\/logo\/image\/"}},{"@type":"WebSite","@id":"https:\/\/vneat.org\/#website","url":"https:\/\/vneat.org\/","name":"H\u1ed9i Chuy\u00ean Gia Vi\u1ec7t Nam t\u1ea1i \u0110\u00e0i Loan","description":"Connect and Cooperate to Develope","publisher":{"@id":"https:\/\/vneat.org\/#organization"},"potentialAction":[{"@type":"SearchAction","target":{"@type":"EntryPoint","urlTemplate":"https:\/\/vneat.org\/?s={search_term_string}"},"query-input":"required name=search_term_string"}],"inLanguage":"vi"},{"@type":"WebPage","@id":"https:\/\/vneat.org\/?page_id=39#webpage","url":"https:\/\/vneat.org\/?page_id=39","name":"Li\u00ean h\u1ec7 - H\u1ed9i Chuy\u00ean Gia Vi\u1ec7t Nam t\u1ea1i \u0110\u00e0i Loan","isPartOf":{"@id":"https:\/\/vneat.org\/#website"},"datePublished":"2022-04-27T03:48:38+00:00","dateModified":"2022-04-27T23:55:09+00:00","breadcrumb":{"@id":"https:\/\/vneat.org\/?page_id=39#breadcrumb"},"inLanguage":"vi","potentialAction":[{"@type":"ReadAction","target":["https:\/\/vneat.org\/?page_id=39"]}]},{"@type":"BreadcrumbList","@id":"https:\/\/vneat.org\/?page_id=39#breadcrumb","itemListElement":[{"@type":"ListItem","position":1,"name":"Trang ch\u1ee7","item":"http:\/\/vneat.org\/"},{"@type":"ListItem","position":2,"name":"Li\u00ean h\u1ec7"}]}]}},"_links":{"self":[{"href":"https:\/\/vneat.org\/index.php?rest_route=\/wp\/v2\/pages\/39","targetHints":{"allow":["GET"]}}],"collection":[{"href":"https:\/\/vneat.org\/index.php?rest_route=\/wp\/v2\/pages"}],"about":[{"href":"https:\/\/vneat.org\/index.php?rest_route=\/wp\/v2\/types\/page"}],"author":[{"embeddable":true,"href":"https:\/\/vneat.org\/index.php?rest_route=\/wp\/v2\/users\/1"}],"replies":[{"embeddable":true,"href":"https:\/\/vneat.org\/index.php?rest_route=%2Fwp%2Fv2%2Fcomments&post=39"}],"version-history":[{"count":21,"href":"https:\/\/vneat.org\/index.php?rest_route=\/wp\/v2\/pages\/39\/revisions"}],"predecessor-version":[{"id":189,"href":"https:\/\/vneat.org\/index.php?rest_route=\/wp\/v2\/pages\/39\/revisions\/189"}],"wp:attachment":[{"href":"https:\/\/vneat.org\/index.php?rest_route=%2Fwp%2Fv2%2Fmedia&parent=39"}],"curies":[{"name":"wp","href":"https:\/\/api.w.org\/{rel}","templated":true}]}}