{"id":337,"date":"2022-04-28T19:08:27","date_gmt":"2022-04-28T11:08:27","guid":{"rendered":"http:\/\/vneat.org\/?page_id=337"},"modified":"2022-04-28T19:08:28","modified_gmt":"2022-04-28T11:08:28","slug":"scientific-profile-tran-ba-luan","status":"publish","type":"page","link":"http:\/\/vneat.org\/?page_id=337","title":{"rendered":"Scientific profile: Tran Ba Luan"},"content":{"rendered":"\n<div class=\"wp-block-getwid-section alignfull alignfull getwid-section-content-full-width\"><div class=\"wp-block-getwid-section__wrapper getwid-align-items-flex-start getwid-align-items-tablet-flex-start getwid-align-items-mobile-flex-start\"><div class=\"wp-block-getwid-section__inner-wrapper\"><div class=\"wp-block-getwid-section__background-holder\"><div class=\"wp-block-getwid-section__background\"><\/div><div class=\"wp-block-getwid-section__foreground\"><\/div><\/div><div class=\"wp-block-getwid-section__content\"><div class=\"wp-block-getwid-section__inner-content\">\n<div class=\"wp-block-columns is-layout-flex wp-container-core-columns-is-layout-9d6595d7 wp-block-columns-is-layout-flex\">\n<div class=\"wp-block-column is-layout-flow wp-block-column-is-layout-flow\" style=\"flex-basis:33.33%\">\n<div class=\"wp-block-getwid-person\"><div class=\"wp-block-getwid-person__image\"><img loading=\"lazy\" decoding=\"async\" width=\"150\" height=\"150\" src=\"http:\/\/vneat.org\/wp-content\/uploads\/2022\/04\/person_18_tranbaluan.jpg\" class=\"wp-image-333\" srcset=\"http:\/\/vneat.org\/wp-content\/uploads\/2022\/04\/person_18_tranbaluan.jpg 150w, http:\/\/vneat.org\/wp-content\/uploads\/2022\/04\/person_18_tranbaluan-83x83.jpg 83w\" sizes=\"auto, (max-width: 150px) 100vw, 150px\" \/><\/div><div class=\"wp-block-getwid-person__content-wrapper\"><span class=\"wp-block-getwid-person__title\"><strong><strong>Dr. Tran Ba Luan<\/strong><\/strong><\/span><p class=\"wp-block-getwid-person__content\"><strong>VNEAT Member<\/strong><\/p>\n<div class=\"wp-block-getwid-social-links has-default-spacing\"><ul class=\"wp-block-getwid-social-links__list getwid-justify-content-center\"><li class=\"wp-block-getwid-social-links__item\"><a class=\"wp-block-getwid-social-links__link\" href=\"https:\/\/www.facebook.com\/\"><span class=\"wp-block-getwid-social-links__wrapper\"><i class=\"fab fa-facebook-f\"><\/i><\/span><\/a><\/li><li class=\"wp-block-getwid-social-links__item\"><a class=\"wp-block-getwid-social-links__link\" href=\"https:\/\/twitter.com\/\"><span class=\"wp-block-getwid-social-links__wrapper\"><i class=\"fab fa-twitter\"><\/i><\/span><\/a><\/li><li class=\"wp-block-getwid-social-links__item\"><a class=\"wp-block-getwid-social-links__link\" href=\"https:\/\/www.instagram.com\/\"><span class=\"wp-block-getwid-social-links__wrapper\"><i class=\"fab fa-instagram\"><\/i><\/span><\/a><\/li><li class=\"wp-block-getwid-social-links__item\"><a class=\"wp-block-getwid-social-links__link\" href=\"https:\/\/www.youtube.com\/\"><span class=\"wp-block-getwid-social-links__wrapper\"><i class=\"fab fa-youtube\"><\/i><\/span><\/a><\/li><\/ul><\/div>\n<\/div><\/div>\n<\/div>\n\n\n\n<div class=\"wp-block-column is-layout-flow wp-block-column-is-layout-flow\" style=\"flex-basis:66.66%\">\n<div class=\"wp-block-getwid-advanced-heading alignfull alignfull has-custom-font-size fs-tablet-80 fs-mobile-50\" style=\"font-size:30px\"><span class=\"wp-block-getwid-advanced-heading__content has-text-color has-vivid-red-color\" style=\"font-family:&quot;Work Sans&quot;;font-weight:normal;text-transform:capitalize\"><strong>Dr. Tran Ba Luan\u00a0<\/strong>\u00a0\u00a0\u00a0\u00a0\u00a0\u00a0\u00a0\u00a0\u00a0\u00a0\u00a0\u00a0\u00a0\u00a0\u00a0\u00a0\u00a0\u00a0\u00a0\u00a0\u00a0\u00a0\u00a0\u00a0\u00a0\u00a0\u00a0\u00a0\u00a0\u00a0\u00a0\u00a0\u00a0<\/span><\/div>\n\n\n\n<p><strong>Position\/Title:<\/strong> Member<br><strong>Email<\/strong>: <a href=\"mailto:pavencantho4@gmail.com\" target=\"_blank\" rel=\"noreferrer noopener\">pavencantho4@gmail.com<\/a><br><strong>Education:<\/strong> PhD in Materials and Chemical Engineering,, National Central University (2015-2019)<br><strong>Affiliation\/Organization:<\/strong> Postdoc researcher.<br>BEing\u00b2 (Biomimicking &amp; Engineering Lab), Department of Mechanical and Electromechanical Engineering, National Sun Yat-sen University, Taiwan<br><strong>Research expertise:<\/strong> Dr. Tran Ba Luan received his Ph.D. degree in Materials and Chemical Engineering, National Central University, Taiwan, in 2019. He keeps his research interest in synthesizing porous MOFs materials applied to many fields such as catalysts, adsorption, sensors, etc. During his time in Taiwan, he could participate in many domestic and international conferences in his research field. He will work as a postdoc at National Sun Yat Sen from April 2022.<\/p>\n\n\n\n<p><em>Ti\u1ebfn s\u1ef9 Tr\u1ea7n B\u00e1 Lu\u00e2n t\u1ed1t nghi\u1ec7p Ti\u1ebfn s\u0129 ng\u00e0nh K\u1ef9 thu\u1eadt h\u00f3a v\u00e0 v\u1eadt li\u1ec7u \u0110\u1ea1i h\u1ecdc Qu\u1ed1c L\u1eadp Trung \u01b0\u01a1ng \u0110\u00e0i Loan. Nghi\u00ean c\u1ee9u c\u1ee7a TS.Lu\u00e2n t\u1eadp trung v\u00e0o l\u0129nh v\u1ef1c t\u1ed5ng h\u1ee3p v\u1eadt li\u1ec7u x\u1ed1p v\u00e0 MOFs , \u1ee9ng d\u1ee5ng trong nhi\u1ec1u l\u0129nh v\u1ef1c nh\u01b0 x\u00fac t\u00e1c, h\u1ea5p ph\u1ee5, sensors\u2026. TS.Lu\u00e2n \u0111\u00e3 tham gia nhi\u1ec1u h\u1ed9i th\u1ea3o trong v\u00e0 ngo\u00e0i n\u01b0\u1edbc v\u1ec1 l\u0129nh v\u1ef1c li\u00ean quan. TS.Lu\u00e2n b\u1eaft \u0111\u1ea7u l\u00e0m nghi\u00ean c\u1ee9u sinh sau ti\u1ebfn s\u1ef9 t\u1ea1i tr\u01b0\u1eddng \u0110\u1ea1i h\u1ecdc qu\u1ed1c l\u1eadp Trung S\u01a1n t\u1eeb th\u00e1ng 04.2022.<\/em><\/p>\n<\/div>\n<\/div>\n<\/div><\/div><\/div><\/div><\/div>\n","protected":false},"excerpt":{"rendered":"","protected":false},"author":1,"featured_media":0,"parent":0,"menu_order":0,"comment_status":"closed","ping_status":"closed","template":"","meta":{"_FSMCFIC_featured_image_caption":"","_FSMCFIC_featured_image_nocaption":"","_FSMCFIC_featured_image_hide":"","footnotes":"","_links_to":"","_links_to_target":""},"class_list":["post-337","page","type-page","status-publish","hentry","new-post"],"yoast_head":"<!-- This site is optimized with the Yoast SEO plugin v18.9 - https:\/\/yoast.com\/wordpress\/plugins\/seo\/ -->\n<title>Scientific profile: Tran Ba Luan - H\u1ed9i Chuy\u00ean Gia Vi\u1ec7t Nam t\u1ea1i \u0110\u00e0i Loan<\/title>\n<meta name=\"robots\" content=\"index, follow, max-snippet:-1, max-image-preview:large, max-video-preview:-1\" \/>\n<link rel=\"canonical\" href=\"http:\/\/vneat.org\/?page_id=337\" \/>\n<meta property=\"og:locale\" content=\"vi_VN\" \/>\n<meta property=\"og:type\" content=\"article\" \/>\n<meta property=\"og:title\" content=\"Scientific profile: Tran Ba Luan - H\u1ed9i Chuy\u00ean Gia Vi\u1ec7t Nam t\u1ea1i \u0110\u00e0i Loan\" \/>\n<meta property=\"og:url\" content=\"http:\/\/vneat.org\/?page_id=337\" \/>\n<meta property=\"og:site_name\" content=\"H\u1ed9i Chuy\u00ean Gia Vi\u1ec7t Nam t\u1ea1i \u0110\u00e0i Loan\" \/>\n<meta property=\"article:modified_time\" content=\"2022-04-28T11:08:28+00:00\" \/>\n<meta property=\"og:image\" content=\"http:\/\/vneat.org\/wp-content\/uploads\/2022\/04\/person_18_tranbaluan.jpg\" \/>\n<meta name=\"twitter:card\" content=\"summary_large_image\" \/>\n<meta name=\"twitter:label1\" content=\"\u01af\u1edbc t\u00ednh th\u1eddi gian \u0111\u1ecdc\" \/>\n\t<meta name=\"twitter:data1\" content=\"1 ph\u00fat\" \/>\n<script type=\"application\/ld+json\" class=\"yoast-schema-graph\">{\"@context\":\"https:\/\/schema.org\",\"@graph\":[{\"@type\":\"Organization\",\"@id\":\"http:\/\/vneat.org\/#organization\",\"name\":\"H\u1ed9i Chuy\u00ean Gia Vi\u1ec7t Nam t\u1ea1i \u0110\u00e0i Loan\",\"url\":\"http:\/\/vneat.org\/\",\"sameAs\":[],\"logo\":{\"@type\":\"ImageObject\",\"inLanguage\":\"vi\",\"@id\":\"http:\/\/vneat.org\/#\/schema\/logo\/image\/\",\"url\":\"https:\/\/vneat.org\/wp-content\/uploads\/2022\/04\/VNEAT_small_logo.png\",\"contentUrl\":\"https:\/\/vneat.org\/wp-content\/uploads\/2022\/04\/VNEAT_small_logo.png\",\"width\":512,\"height\":204,\"caption\":\"H\u1ed9i Chuy\u00ean Gia Vi\u1ec7t Nam t\u1ea1i \u0110\u00e0i Loan\"},\"image\":{\"@id\":\"http:\/\/vneat.org\/#\/schema\/logo\/image\/\"}},{\"@type\":\"WebSite\",\"@id\":\"http:\/\/vneat.org\/#website\",\"url\":\"http:\/\/vneat.org\/\",\"name\":\"H\u1ed9i Chuy\u00ean Gia Vi\u1ec7t Nam t\u1ea1i \u0110\u00e0i Loan\",\"description\":\"Connect and Cooperate to Develope\",\"publisher\":{\"@id\":\"http:\/\/vneat.org\/#organization\"},\"potentialAction\":[{\"@type\":\"SearchAction\",\"target\":{\"@type\":\"EntryPoint\",\"urlTemplate\":\"http:\/\/vneat.org\/?s={search_term_string}\"},\"query-input\":\"required name=search_term_string\"}],\"inLanguage\":\"vi\"},{\"@type\":\"ImageObject\",\"inLanguage\":\"vi\",\"@id\":\"http:\/\/vneat.org\/?page_id=337#primaryimage\",\"url\":\"http:\/\/vneat.org\/wp-content\/uploads\/2022\/04\/person_18_tranbaluan.jpg\",\"contentUrl\":\"http:\/\/vneat.org\/wp-content\/uploads\/2022\/04\/person_18_tranbaluan.jpg\",\"width\":150,\"height\":150},{\"@type\":\"WebPage\",\"@id\":\"http:\/\/vneat.org\/?page_id=337#webpage\",\"url\":\"http:\/\/vneat.org\/?page_id=337\",\"name\":\"Scientific profile: Tran Ba Luan - H\u1ed9i Chuy\u00ean Gia Vi\u1ec7t Nam t\u1ea1i \u0110\u00e0i Loan\",\"isPartOf\":{\"@id\":\"http:\/\/vneat.org\/#website\"},\"primaryImageOfPage\":{\"@id\":\"http:\/\/vneat.org\/?page_id=337#primaryimage\"},\"datePublished\":\"2022-04-28T11:08:27+00:00\",\"dateModified\":\"2022-04-28T11:08:28+00:00\",\"breadcrumb\":{\"@id\":\"http:\/\/vneat.org\/?page_id=337#breadcrumb\"},\"inLanguage\":\"vi\",\"potentialAction\":[{\"@type\":\"ReadAction\",\"target\":[\"http:\/\/vneat.org\/?page_id=337\"]}]},{\"@type\":\"BreadcrumbList\",\"@id\":\"http:\/\/vneat.org\/?page_id=337#breadcrumb\",\"itemListElement\":[{\"@type\":\"ListItem\",\"position\":1,\"name\":\"Trang ch\u1ee7\",\"item\":\"http:\/\/vneat.org\/\"},{\"@type\":\"ListItem\",\"position\":2,\"name\":\"Scientific profile: Tran Ba Luan\"}]}]}<\/script>\n<!-- \/ Yoast SEO plugin. -->","yoast_head_json":{"title":"Scientific profile: Tran Ba Luan - H\u1ed9i Chuy\u00ean Gia Vi\u1ec7t Nam t\u1ea1i \u0110\u00e0i Loan","robots":{"index":"index","follow":"follow","max-snippet":"max-snippet:-1","max-image-preview":"max-image-preview:large","max-video-preview":"max-video-preview:-1"},"canonical":"http:\/\/vneat.org\/?page_id=337","og_locale":"vi_VN","og_type":"article","og_title":"Scientific profile: Tran Ba Luan - H\u1ed9i Chuy\u00ean Gia Vi\u1ec7t Nam t\u1ea1i \u0110\u00e0i Loan","og_url":"http:\/\/vneat.org\/?page_id=337","og_site_name":"H\u1ed9i Chuy\u00ean Gia Vi\u1ec7t Nam t\u1ea1i \u0110\u00e0i Loan","article_modified_time":"2022-04-28T11:08:28+00:00","og_image":[{"url":"http:\/\/vneat.org\/wp-content\/uploads\/2022\/04\/person_18_tranbaluan.jpg"}],"twitter_card":"summary_large_image","twitter_misc":{"\u01af\u1edbc t\u00ednh th\u1eddi gian \u0111\u1ecdc":"1 ph\u00fat"},"schema":{"@context":"https:\/\/schema.org","@graph":[{"@type":"Organization","@id":"http:\/\/vneat.org\/#organization","name":"H\u1ed9i Chuy\u00ean Gia Vi\u1ec7t Nam t\u1ea1i \u0110\u00e0i Loan","url":"http:\/\/vneat.org\/","sameAs":[],"logo":{"@type":"ImageObject","inLanguage":"vi","@id":"http:\/\/vneat.org\/#\/schema\/logo\/image\/","url":"https:\/\/vneat.org\/wp-content\/uploads\/2022\/04\/VNEAT_small_logo.png","contentUrl":"https:\/\/vneat.org\/wp-content\/uploads\/2022\/04\/VNEAT_small_logo.png","width":512,"height":204,"caption":"H\u1ed9i Chuy\u00ean Gia Vi\u1ec7t Nam t\u1ea1i \u0110\u00e0i Loan"},"image":{"@id":"http:\/\/vneat.org\/#\/schema\/logo\/image\/"}},{"@type":"WebSite","@id":"http:\/\/vneat.org\/#website","url":"http:\/\/vneat.org\/","name":"H\u1ed9i Chuy\u00ean Gia Vi\u1ec7t Nam t\u1ea1i \u0110\u00e0i Loan","description":"Connect and Cooperate to Develope","publisher":{"@id":"http:\/\/vneat.org\/#organization"},"potentialAction":[{"@type":"SearchAction","target":{"@type":"EntryPoint","urlTemplate":"http:\/\/vneat.org\/?s={search_term_string}"},"query-input":"required name=search_term_string"}],"inLanguage":"vi"},{"@type":"ImageObject","inLanguage":"vi","@id":"http:\/\/vneat.org\/?page_id=337#primaryimage","url":"http:\/\/vneat.org\/wp-content\/uploads\/2022\/04\/person_18_tranbaluan.jpg","contentUrl":"http:\/\/vneat.org\/wp-content\/uploads\/2022\/04\/person_18_tranbaluan.jpg","width":150,"height":150},{"@type":"WebPage","@id":"http:\/\/vneat.org\/?page_id=337#webpage","url":"http:\/\/vneat.org\/?page_id=337","name":"Scientific profile: Tran Ba Luan - H\u1ed9i Chuy\u00ean Gia Vi\u1ec7t Nam t\u1ea1i \u0110\u00e0i Loan","isPartOf":{"@id":"http:\/\/vneat.org\/#website"},"primaryImageOfPage":{"@id":"http:\/\/vneat.org\/?page_id=337#primaryimage"},"datePublished":"2022-04-28T11:08:27+00:00","dateModified":"2022-04-28T11:08:28+00:00","breadcrumb":{"@id":"http:\/\/vneat.org\/?page_id=337#breadcrumb"},"inLanguage":"vi","potentialAction":[{"@type":"ReadAction","target":["http:\/\/vneat.org\/?page_id=337"]}]},{"@type":"BreadcrumbList","@id":"http:\/\/vneat.org\/?page_id=337#breadcrumb","itemListElement":[{"@type":"ListItem","position":1,"name":"Trang ch\u1ee7","item":"http:\/\/vneat.org\/"},{"@type":"ListItem","position":2,"name":"Scientific profile: Tran Ba Luan"}]}]}},"_links":{"self":[{"href":"http:\/\/vneat.org\/index.php?rest_route=\/wp\/v2\/pages\/337","targetHints":{"allow":["GET"]}}],"collection":[{"href":"http:\/\/vneat.org\/index.php?rest_route=\/wp\/v2\/pages"}],"about":[{"href":"http:\/\/vneat.org\/index.php?rest_route=\/wp\/v2\/types\/page"}],"author":[{"embeddable":true,"href":"http:\/\/vneat.org\/index.php?rest_route=\/wp\/v2\/users\/1"}],"replies":[{"embeddable":true,"href":"http:\/\/vneat.org\/index.php?rest_route=%2Fwp%2Fv2%2Fcomments&post=337"}],"version-history":[{"count":1,"href":"http:\/\/vneat.org\/index.php?rest_route=\/wp\/v2\/pages\/337\/revisions"}],"predecessor-version":[{"id":338,"href":"http:\/\/vneat.org\/index.php?rest_route=\/wp\/v2\/pages\/337\/revisions\/338"}],"wp:attachment":[{"href":"http:\/\/vneat.org\/index.php?rest_route=%2Fwp%2Fv2%2Fmedia&parent=337"}],"curies":[{"name":"wp","href":"https:\/\/api.w.org\/{rel}","templated":true}]}}