{"id":319,"date":"2022-04-28T18:39:16","date_gmt":"2022-04-28T10:39:16","guid":{"rendered":"http:\/\/vneat.org\/?page_id=319"},"modified":"2024-06-16T21:29:08","modified_gmt":"2024-06-16T13:29:08","slug":"scientific-profile-cong-tuan-dao","status":"publish","type":"page","link":"http:\/\/vneat.org\/?page_id=319","title":{"rendered":"Scientific profile: Cong-Tuan Dao"},"content":{"rendered":"\n<div class=\"wp-block-getwid-section alignfull alignfull getwid-section-content-full-width\"><div class=\"wp-block-getwid-section__wrapper getwid-align-items-flex-start getwid-align-items-tablet-flex-start getwid-align-items-mobile-flex-start\"><div class=\"wp-block-getwid-section__inner-wrapper\"><div class=\"wp-block-getwid-section__background-holder\"><div class=\"wp-block-getwid-section__background\"><\/div><div class=\"wp-block-getwid-section__foreground\"><\/div><\/div><div class=\"wp-block-getwid-section__content\"><div class=\"wp-block-getwid-section__inner-content\">\n<div class=\"wp-block-columns is-layout-flex wp-container-core-columns-is-layout-9d6595d7 wp-block-columns-is-layout-flex\">\n<div class=\"wp-block-column is-layout-flow wp-block-column-is-layout-flow\" style=\"flex-basis:33.33%\">\n<div class=\"wp-block-getwid-person\"><div class=\"wp-block-getwid-person__image\"><img loading=\"lazy\" decoding=\"async\" width=\"150\" height=\"150\" src=\"http:\/\/vneat.org\/wp-content\/uploads\/2022\/04\/person_11_daocongtuan.jpg\" class=\"wp-image-240\" srcset=\"http:\/\/vneat.org\/wp-content\/uploads\/2022\/04\/person_11_daocongtuan.jpg 150w, http:\/\/vneat.org\/wp-content\/uploads\/2022\/04\/person_11_daocongtuan-83x83.jpg 83w\" sizes=\"auto, (max-width: 150px) 100vw, 150px\" \/><\/div><div class=\"wp-block-getwid-person__content-wrapper\"><span class=\"wp-block-getwid-person__title\"><strong>Mr. Cong-Tuan Dao<\/strong><\/span><p class=\"wp-block-getwid-person__content\"><strong>VNEAT Member<\/strong><\/p>\n<div class=\"wp-block-getwid-social-links has-default-spacing\"><ul class=\"wp-block-getwid-social-links__list getwid-justify-content-center\"><li class=\"wp-block-getwid-social-links__item\"><a class=\"wp-block-getwid-social-links__link\" href=\"https:\/\/www.facebook.com\/\"><span class=\"wp-block-getwid-social-links__wrapper\"><i class=\"fab fa-facebook-f\"><\/i><\/span><\/a><\/li><li class=\"wp-block-getwid-social-links__item\"><a class=\"wp-block-getwid-social-links__link\" href=\"https:\/\/twitter.com\/\"><span class=\"wp-block-getwid-social-links__wrapper\"><i class=\"fab fa-twitter\"><\/i><\/span><\/a><\/li><li class=\"wp-block-getwid-social-links__item\"><a class=\"wp-block-getwid-social-links__link\" href=\"https:\/\/www.instagram.com\/\"><span class=\"wp-block-getwid-social-links__wrapper\"><i class=\"fab fa-instagram\"><\/i><\/span><\/a><\/li><li class=\"wp-block-getwid-social-links__item\"><a class=\"wp-block-getwid-social-links__link\" href=\"https:\/\/www.youtube.com\/\"><span class=\"wp-block-getwid-social-links__wrapper\"><i class=\"fab fa-youtube\"><\/i><\/span><\/a><\/li><\/ul><\/div>\n<\/div><\/div>\n<\/div>\n\n\n\n<div class=\"wp-block-column is-layout-flow wp-block-column-is-layout-flow\" style=\"flex-basis:66.66%\">\n<div class=\"wp-block-getwid-advanced-heading alignfull alignfull has-custom-font-size fs-tablet-80 fs-mobile-50\" style=\"font-size:30px\"><span class=\"wp-block-getwid-advanced-heading__content has-text-color has-vivid-red-color\" style=\"font-family:&quot;Work Sans&quot;;font-weight:normal;text-transform:capitalize\"><strong>Mr. Cong-Tuan Dao&nbsp;&nbsp;<\/strong>&nbsp;&nbsp;&nbsp;&nbsp;&nbsp;&nbsp;&nbsp;&nbsp;&nbsp;&nbsp;&nbsp;&nbsp;&nbsp;&nbsp;&nbsp;&nbsp;&nbsp;&nbsp;&nbsp;&nbsp;&nbsp;&nbsp;&nbsp;&nbsp;&nbsp;&nbsp;&nbsp;&nbsp;&nbsp;&nbsp;&nbsp;&nbsp;&nbsp;<\/span><\/div>\n\n\n\n<p><strong>Position\/Title:<\/strong> Member<\/p>\n\n\n\n<p><strong>Email:<\/strong> <a href=\"mailto:daotuan.vnu@gmail.com\" target=\"_blank\" rel=\"noreferrer noopener\">daotuan.vnu@gmail.com<\/a><\/p>\n\n\n\n<p><strong>Education: <\/strong>Master in Human Resource Management, University of Labor and Social Affairs, Vietnam (2016)<\/p>\n\n\n\n<p><strong>Affiliation\/Organization: <\/strong>Department of Business Administration, Nanhua University.<\/p>\n\n\n\n<p><strong>Field of expertise: <\/strong>Mr. Cong-Tuan Dao is a Ph.D Student, part-time lecturer, and research assistant at Nanhua University from 2018. Additionally, he is also pursuing another Master program in education at National Chung Cheng University (2021-2023) with entirely sponsored by Taiwan International Cooperation and Development Fund. Before entering Taiwan to study, Tuan worked in the Department of Organization and Personnel at Vietnam National University, Hanoi.<\/p>\n\n\n\n<p>His research interest consists of international human resource management and educational management.<\/p>\n\n\n\n<p><em>Tu\u1ea5n l\u00e0 nghi\u00ean c\u1ee9u sinh ti\u1ebfn s\u0129, gi\u1ea3ng vi\u00ean b\u00e1n th\u1eddi gian, tr\u1ee3 l\u00fd nghi\u00ean c\u1ee9u t\u1ea1i \u0110\u1ea1i h\u1ecdc Nanhua t\u1eeb n\u0103m 2018. Tu\u1ea5n c\u0169ng \u0111ang theo h\u1ecdc ch\u01b0\u01a1ng tr\u00ecnh th\u1ea1c s\u0129 v\u1ec1 gi\u00e1o d\u1ee5c t\u1ea1i \u0110\u1ea1i h\u1ecdc Qu\u1ed1c gia Chung Cheng (n\u0103m h\u1ecdc 2021-2023) theo ch\u01b0\u01a1ng tr\u00ecnh h\u1ecdc b\u1ed5ng c\u1ee7a Qu\u1ef9 h\u1ee3p t\u00e1c v\u00e0 ph\u00e1t tri\u1ec3n qu\u1ed1c t\u1ebf \u0110\u00e0i Loan. Tr\u01b0\u1edbc khi sang h\u1ecdc t\u1eadp t\u1ea1i \u0110\u00e0i Loan, Tu\u1ea5n l\u00e0m vi\u1ec7c t\u1ea1i Ban T\u1ed5 ch\u1ee9c C\u00e1n b\u1ed9, \u0110\u1ea1i h\u1ecdc Qu\u1ed1c gia H\u00e0 N\u1ed9i. L\u0129nh v\u1ef1c nghi\u00ean c\u1ee9u c\u1ee7a Tu\u1ea5n g\u1ed3m: Qu\u1ea3n l\u00fd nh\u00e2n l\u1ef1c qu\u1ed1c t\u1ebf v\u00e0 qu\u1ea3n l\u00fd gi\u00e1o d\u1ee5c.<\/em><\/p>\n<\/div>\n<\/div>\n<\/div><\/div><\/div><\/div><\/div>\n","protected":false},"excerpt":{"rendered":"","protected":false},"author":1,"featured_media":0,"parent":0,"menu_order":0,"comment_status":"closed","ping_status":"closed","template":"","meta":{"_FSMCFIC_featured_image_caption":"","_FSMCFIC_featured_image_nocaption":"","_FSMCFIC_featured_image_hide":"","footnotes":"","_links_to":"","_links_to_target":""},"class_list":["post-319","page","type-page","status-publish","hentry","new-post"],"yoast_head":"<!-- This site is optimized with the Yoast SEO plugin v18.9 - https:\/\/yoast.com\/wordpress\/plugins\/seo\/ -->\n<title>Scientific profile: Cong-Tuan Dao - H\u1ed9i Chuy\u00ean Gia Vi\u1ec7t Nam t\u1ea1i \u0110\u00e0i Loan<\/title>\n<meta name=\"robots\" content=\"index, follow, max-snippet:-1, max-image-preview:large, max-video-preview:-1\" \/>\n<link rel=\"canonical\" href=\"http:\/\/vneat.org\/?page_id=319\" \/>\n<meta property=\"og:locale\" content=\"vi_VN\" \/>\n<meta property=\"og:type\" content=\"article\" \/>\n<meta property=\"og:title\" content=\"Scientific profile: Cong-Tuan Dao - H\u1ed9i Chuy\u00ean Gia Vi\u1ec7t Nam t\u1ea1i \u0110\u00e0i Loan\" \/>\n<meta property=\"og:url\" content=\"http:\/\/vneat.org\/?page_id=319\" \/>\n<meta property=\"og:site_name\" content=\"H\u1ed9i Chuy\u00ean Gia Vi\u1ec7t Nam t\u1ea1i \u0110\u00e0i Loan\" \/>\n<meta property=\"article:modified_time\" content=\"2024-06-16T13:29:08+00:00\" \/>\n<meta property=\"og:image\" content=\"http:\/\/vneat.org\/wp-content\/uploads\/2022\/04\/person_11_daocongtuan.jpg\" \/>\n<meta name=\"twitter:card\" content=\"summary_large_image\" \/>\n<meta name=\"twitter:label1\" content=\"\u01af\u1edbc t\u00ednh th\u1eddi gian \u0111\u1ecdc\" \/>\n\t<meta name=\"twitter:data1\" content=\"2 ph\u00fat\" \/>\n<script type=\"application\/ld+json\" class=\"yoast-schema-graph\">{\"@context\":\"https:\/\/schema.org\",\"@graph\":[{\"@type\":\"Organization\",\"@id\":\"http:\/\/vneat.org\/#organization\",\"name\":\"H\u1ed9i Chuy\u00ean Gia Vi\u1ec7t Nam t\u1ea1i \u0110\u00e0i Loan\",\"url\":\"http:\/\/vneat.org\/\",\"sameAs\":[],\"logo\":{\"@type\":\"ImageObject\",\"inLanguage\":\"vi\",\"@id\":\"http:\/\/vneat.org\/#\/schema\/logo\/image\/\",\"url\":\"https:\/\/vneat.org\/wp-content\/uploads\/2022\/04\/VNEAT_small_logo.png\",\"contentUrl\":\"https:\/\/vneat.org\/wp-content\/uploads\/2022\/04\/VNEAT_small_logo.png\",\"width\":512,\"height\":204,\"caption\":\"H\u1ed9i Chuy\u00ean Gia Vi\u1ec7t Nam t\u1ea1i \u0110\u00e0i Loan\"},\"image\":{\"@id\":\"http:\/\/vneat.org\/#\/schema\/logo\/image\/\"}},{\"@type\":\"WebSite\",\"@id\":\"http:\/\/vneat.org\/#website\",\"url\":\"http:\/\/vneat.org\/\",\"name\":\"H\u1ed9i Chuy\u00ean Gia Vi\u1ec7t Nam t\u1ea1i \u0110\u00e0i Loan\",\"description\":\"Connect and Cooperate to Develope\",\"publisher\":{\"@id\":\"http:\/\/vneat.org\/#organization\"},\"potentialAction\":[{\"@type\":\"SearchAction\",\"target\":{\"@type\":\"EntryPoint\",\"urlTemplate\":\"http:\/\/vneat.org\/?s={search_term_string}\"},\"query-input\":\"required name=search_term_string\"}],\"inLanguage\":\"vi\"},{\"@type\":\"ImageObject\",\"inLanguage\":\"vi\",\"@id\":\"http:\/\/vneat.org\/?page_id=319#primaryimage\",\"url\":\"http:\/\/vneat.org\/wp-content\/uploads\/2022\/04\/person_11_daocongtuan.jpg\",\"contentUrl\":\"http:\/\/vneat.org\/wp-content\/uploads\/2022\/04\/person_11_daocongtuan.jpg\",\"width\":150,\"height\":150,\"caption\":\"daocongtuan\"},{\"@type\":\"WebPage\",\"@id\":\"http:\/\/vneat.org\/?page_id=319#webpage\",\"url\":\"http:\/\/vneat.org\/?page_id=319\",\"name\":\"Scientific profile: Cong-Tuan Dao - H\u1ed9i Chuy\u00ean Gia Vi\u1ec7t Nam t\u1ea1i \u0110\u00e0i Loan\",\"isPartOf\":{\"@id\":\"http:\/\/vneat.org\/#website\"},\"primaryImageOfPage\":{\"@id\":\"http:\/\/vneat.org\/?page_id=319#primaryimage\"},\"datePublished\":\"2022-04-28T10:39:16+00:00\",\"dateModified\":\"2024-06-16T13:29:08+00:00\",\"breadcrumb\":{\"@id\":\"http:\/\/vneat.org\/?page_id=319#breadcrumb\"},\"inLanguage\":\"vi\",\"potentialAction\":[{\"@type\":\"ReadAction\",\"target\":[\"http:\/\/vneat.org\/?page_id=319\"]}]},{\"@type\":\"BreadcrumbList\",\"@id\":\"http:\/\/vneat.org\/?page_id=319#breadcrumb\",\"itemListElement\":[{\"@type\":\"ListItem\",\"position\":1,\"name\":\"Trang ch\u1ee7\",\"item\":\"http:\/\/vneat.org\/\"},{\"@type\":\"ListItem\",\"position\":2,\"name\":\"Scientific profile: Cong-Tuan Dao\"}]}]}<\/script>\n<!-- \/ Yoast SEO plugin. -->","yoast_head_json":{"title":"Scientific profile: Cong-Tuan Dao - H\u1ed9i Chuy\u00ean Gia Vi\u1ec7t Nam t\u1ea1i \u0110\u00e0i Loan","robots":{"index":"index","follow":"follow","max-snippet":"max-snippet:-1","max-image-preview":"max-image-preview:large","max-video-preview":"max-video-preview:-1"},"canonical":"http:\/\/vneat.org\/?page_id=319","og_locale":"vi_VN","og_type":"article","og_title":"Scientific profile: Cong-Tuan Dao - H\u1ed9i Chuy\u00ean Gia Vi\u1ec7t Nam t\u1ea1i \u0110\u00e0i Loan","og_url":"http:\/\/vneat.org\/?page_id=319","og_site_name":"H\u1ed9i Chuy\u00ean Gia Vi\u1ec7t Nam t\u1ea1i \u0110\u00e0i Loan","article_modified_time":"2024-06-16T13:29:08+00:00","og_image":[{"url":"http:\/\/vneat.org\/wp-content\/uploads\/2022\/04\/person_11_daocongtuan.jpg"}],"twitter_card":"summary_large_image","twitter_misc":{"\u01af\u1edbc t\u00ednh th\u1eddi gian \u0111\u1ecdc":"2 ph\u00fat"},"schema":{"@context":"https:\/\/schema.org","@graph":[{"@type":"Organization","@id":"http:\/\/vneat.org\/#organization","name":"H\u1ed9i Chuy\u00ean Gia Vi\u1ec7t Nam t\u1ea1i \u0110\u00e0i Loan","url":"http:\/\/vneat.org\/","sameAs":[],"logo":{"@type":"ImageObject","inLanguage":"vi","@id":"http:\/\/vneat.org\/#\/schema\/logo\/image\/","url":"https:\/\/vneat.org\/wp-content\/uploads\/2022\/04\/VNEAT_small_logo.png","contentUrl":"https:\/\/vneat.org\/wp-content\/uploads\/2022\/04\/VNEAT_small_logo.png","width":512,"height":204,"caption":"H\u1ed9i Chuy\u00ean Gia Vi\u1ec7t Nam t\u1ea1i \u0110\u00e0i Loan"},"image":{"@id":"http:\/\/vneat.org\/#\/schema\/logo\/image\/"}},{"@type":"WebSite","@id":"http:\/\/vneat.org\/#website","url":"http:\/\/vneat.org\/","name":"H\u1ed9i Chuy\u00ean Gia Vi\u1ec7t Nam t\u1ea1i \u0110\u00e0i Loan","description":"Connect and Cooperate to Develope","publisher":{"@id":"http:\/\/vneat.org\/#organization"},"potentialAction":[{"@type":"SearchAction","target":{"@type":"EntryPoint","urlTemplate":"http:\/\/vneat.org\/?s={search_term_string}"},"query-input":"required name=search_term_string"}],"inLanguage":"vi"},{"@type":"ImageObject","inLanguage":"vi","@id":"http:\/\/vneat.org\/?page_id=319#primaryimage","url":"http:\/\/vneat.org\/wp-content\/uploads\/2022\/04\/person_11_daocongtuan.jpg","contentUrl":"http:\/\/vneat.org\/wp-content\/uploads\/2022\/04\/person_11_daocongtuan.jpg","width":150,"height":150,"caption":"daocongtuan"},{"@type":"WebPage","@id":"http:\/\/vneat.org\/?page_id=319#webpage","url":"http:\/\/vneat.org\/?page_id=319","name":"Scientific profile: Cong-Tuan Dao - H\u1ed9i Chuy\u00ean Gia Vi\u1ec7t Nam t\u1ea1i \u0110\u00e0i Loan","isPartOf":{"@id":"http:\/\/vneat.org\/#website"},"primaryImageOfPage":{"@id":"http:\/\/vneat.org\/?page_id=319#primaryimage"},"datePublished":"2022-04-28T10:39:16+00:00","dateModified":"2024-06-16T13:29:08+00:00","breadcrumb":{"@id":"http:\/\/vneat.org\/?page_id=319#breadcrumb"},"inLanguage":"vi","potentialAction":[{"@type":"ReadAction","target":["http:\/\/vneat.org\/?page_id=319"]}]},{"@type":"BreadcrumbList","@id":"http:\/\/vneat.org\/?page_id=319#breadcrumb","itemListElement":[{"@type":"ListItem","position":1,"name":"Trang ch\u1ee7","item":"http:\/\/vneat.org\/"},{"@type":"ListItem","position":2,"name":"Scientific profile: Cong-Tuan Dao"}]}]}},"_links":{"self":[{"href":"http:\/\/vneat.org\/index.php?rest_route=\/wp\/v2\/pages\/319","targetHints":{"allow":["GET"]}}],"collection":[{"href":"http:\/\/vneat.org\/index.php?rest_route=\/wp\/v2\/pages"}],"about":[{"href":"http:\/\/vneat.org\/index.php?rest_route=\/wp\/v2\/types\/page"}],"author":[{"embeddable":true,"href":"http:\/\/vneat.org\/index.php?rest_route=\/wp\/v2\/users\/1"}],"replies":[{"embeddable":true,"href":"http:\/\/vneat.org\/index.php?rest_route=%2Fwp%2Fv2%2Fcomments&post=319"}],"version-history":[{"count":3,"href":"http:\/\/vneat.org\/index.php?rest_route=\/wp\/v2\/pages\/319\/revisions"}],"predecessor-version":[{"id":1797,"href":"http:\/\/vneat.org\/index.php?rest_route=\/wp\/v2\/pages\/319\/revisions\/1797"}],"wp:attachment":[{"href":"http:\/\/vneat.org\/index.php?rest_route=%2Fwp%2Fv2%2Fmedia&parent=319"}],"curies":[{"name":"wp","href":"https:\/\/api.w.org\/{rel}","templated":true}]}}