{"id":310,"date":"2022-04-28T18:25:59","date_gmt":"2022-04-28T10:25:59","guid":{"rendered":"http:\/\/vneat.org\/?page_id=310"},"modified":"2024-06-16T21:26:17","modified_gmt":"2024-06-16T13:26:17","slug":"scientific-profile-kieu-anh-nguyen","status":"publish","type":"page","link":"http:\/\/vneat.org\/?page_id=310","title":{"rendered":"Scientific profile: Kieu-Anh Nguyen"},"content":{"rendered":"\n<div class=\"wp-block-getwid-section alignfull alignfull getwid-section-content-full-width\"><div class=\"wp-block-getwid-section__wrapper getwid-align-items-flex-start getwid-align-items-tablet-flex-start getwid-align-items-mobile-flex-start\"><div class=\"wp-block-getwid-section__inner-wrapper\"><div class=\"wp-block-getwid-section__background-holder\"><div class=\"wp-block-getwid-section__background\"><\/div><div class=\"wp-block-getwid-section__foreground\"><\/div><\/div><div class=\"wp-block-getwid-section__content\"><div class=\"wp-block-getwid-section__inner-content\">\n<div class=\"wp-block-columns is-layout-flex wp-container-core-columns-is-layout-9d6595d7 wp-block-columns-is-layout-flex\">\n<div class=\"wp-block-column is-layout-flow wp-block-column-is-layout-flow\" style=\"flex-basis:33.33%\">\n<div class=\"wp-block-getwid-person\"><div class=\"wp-block-getwid-person__image\"><img loading=\"lazy\" decoding=\"async\" width=\"150\" height=\"149\" src=\"http:\/\/vneat.org\/wp-content\/uploads\/2022\/04\/person_07_nguyenkieuanh.jpg\" class=\"wp-image-236\" srcset=\"http:\/\/vneat.org\/wp-content\/uploads\/2022\/04\/person_07_nguyenkieuanh.jpg 150w, http:\/\/vneat.org\/wp-content\/uploads\/2022\/04\/person_07_nguyenkieuanh-83x83.jpg 83w\" sizes=\"auto, (max-width: 150px) 100vw, 150px\" \/><\/div><div class=\"wp-block-getwid-person__content-wrapper\"><span class=\"wp-block-getwid-person__title\"><strong>Dr. Kieu-Anh Nguyen<\/strong><\/span><p class=\"wp-block-getwid-person__content\"><strong>VNEAT Member<\/strong><\/p>\n<div class=\"wp-block-getwid-social-links has-default-spacing\"><ul class=\"wp-block-getwid-social-links__list getwid-justify-content-center\"><li class=\"wp-block-getwid-social-links__item\"><a class=\"wp-block-getwid-social-links__link\" href=\"https:\/\/www.facebook.com\/\"><span class=\"wp-block-getwid-social-links__wrapper\"><i class=\"fab fa-facebook-f\"><\/i><\/span><\/a><\/li><li class=\"wp-block-getwid-social-links__item\"><a class=\"wp-block-getwid-social-links__link\" href=\"https:\/\/twitter.com\/\"><span class=\"wp-block-getwid-social-links__wrapper\"><i class=\"fab fa-twitter\"><\/i><\/span><\/a><\/li><li class=\"wp-block-getwid-social-links__item\"><a class=\"wp-block-getwid-social-links__link\" href=\"https:\/\/www.instagram.com\/\"><span class=\"wp-block-getwid-social-links__wrapper\"><i class=\"fab fa-instagram\"><\/i><\/span><\/a><\/li><li class=\"wp-block-getwid-social-links__item\"><a class=\"wp-block-getwid-social-links__link\" href=\"https:\/\/www.youtube.com\/\"><span class=\"wp-block-getwid-social-links__wrapper\"><i class=\"fab fa-youtube\"><\/i><\/span><\/a><\/li><\/ul><\/div>\n<\/div><\/div>\n<\/div>\n\n\n\n<div class=\"wp-block-column is-layout-flow wp-block-column-is-layout-flow\" style=\"flex-basis:66.66%\">\n<div class=\"wp-block-getwid-advanced-heading alignfull alignfull has-custom-font-size fs-tablet-80 fs-mobile-50\" style=\"font-size:30px\"><span class=\"wp-block-getwid-advanced-heading__content has-text-color has-vivid-red-color\" style=\"font-family:&quot;Work Sans&quot;;font-weight:normal;text-transform:capitalize\"><strong>Dr. Kieu-Anh Nguyen&nbsp;&nbsp;<\/strong>&nbsp;&nbsp;&nbsp;&nbsp;&nbsp;&nbsp;&nbsp;&nbsp;&nbsp;&nbsp;&nbsp;&nbsp;&nbsp;&nbsp;&nbsp;&nbsp;&nbsp;&nbsp;&nbsp;&nbsp;&nbsp;&nbsp;&nbsp;&nbsp;&nbsp;&nbsp;&nbsp;&nbsp;&nbsp;&nbsp;&nbsp;&nbsp;&nbsp;<\/span><\/div>\n\n\n\n<p><strong>Position\/Title:<\/strong> Member<\/p>\n\n\n\n<p><strong>Email:<\/strong> <a href=\"mailto:nguyenkieuanh4@gmail.com\" target=\"_blank\" rel=\"noreferrer noopener\">nguyenkieuanh4@gmail.com<\/a><\/p>\n\n\n\n<p><strong>Education:<\/strong> Ph.D. at Graduate Institute of Civil and Disaster Prevention Engineering, National Taipei University of&nbsp; Technology, Taipei, Taiwan (2017-2021)<\/p>\n\n\n\n<p><strong>Affiliation\/Organization:<\/strong><\/p>\n\n\n\n<p>Postdoctoral Research Fellow<\/p>\n\n\n\n<p>Graduate Institute of Civil and Disaster Prevention Engineering, National Taipei University of Technology<\/p>\n\n\n\n<p><strong>Field of expertise:<\/strong> Dr. Kieu-Anh Nguyen is a post-doctoral researcher at the Graduate Institute of Civil and Disaster Prevention Engineering, National Taipei University of Technology. Her research focuses on using machine learning methods to predict soil erosion. She obtained her Ph.D. from National Taipei University of Technology in 2021. During her Ph.D. (2017-2021), Kieu Anh published 5 SCI papers and 6 international conference papers. Kieu Anh won several honors throughout her studies, including first place in the \u201cVNEAT 5-minute thesis talk competition 2021\u201d. Kieu Anh also has a YouTube channel where she shares Taiwanese life, travel, and learning experience.<\/p>\n\n\n\n<p><em>Ti\u1ebfn s\u0129 Nguy\u1ec5n Ki\u1ec1u Anh hi\u1ec7n \u0111ang l\u00e0m nghi\u00ean c\u1ee9u sau ti\u1ebfn s\u0129 t\u1ea1i Trung t\u00e2m ph\u00f2ng ch\u1ed1ng th\u1ea3m h\u1ecda thi\u00ean nhi\u00ean, \u0110\u1ea1i h\u1ecdc Khoa h\u1ecdc v\u00e0 C\u00f4ng ngh\u1ec7 Qu\u1ed1c gia \u0110\u00e0i B\u1eafc, \u0110\u00e0i Loan. Nghi\u00ean c\u1ee9u c\u1ee7a Ki\u1ec1u Anh t\u1eadp trung d\u1ef1 b\u00e1o x\u00f3i m\u00f2n \u0111\u1ea5t d\u1ef1a tr\u00ean th\u1ef1c nghi\u1ec7m v\u00e0 m\u00e1y h\u1ecdc. C\u00f4 t\u00f4t nghi\u1ec7p Ti\u1ebfn s\u0129 v\u00e0o n\u0103m 2021 t\u1ea1i, \u0110\u1ea1i h\u1ecdc Khoa h\u1ecdc v\u00e0 C\u00f4ng ngh\u1ec7 Qu\u1ed1c gia \u0110\u00e0i B\u1eafc, \u0110\u00e0i Loan. Trong giai \u0111o\u1ea1n h\u1ecdc Ti\u1ebfn s\u1ef9 (2017-2021), Ki\u1ec1u Anh \u0111\u00e3 c\u00f4ng b\u1ed1 \u0111\u01b0\u1ee3c 5 b\u00e0i SCI, v\u00e0 6 b\u00e1o c\u00e1o h\u1ed9i th\u1ea3o qu\u1ed1c t\u1ebf. Ki\u1ec1u Anh gi\u00e0nh \u0111\u01b0\u1ee3c m\u1ed9t s\u1ed1 gi\u1ea3i th\u01b0\u1edfng trong qu\u00e1 tr\u00ecnh nghi\u00ean c\u1ee9u ch\u1ee9 Gi\u1ea3i nh\u1ea5t cu\u1ed9c thi \u201c5-minnute thesis talk competition 2021\u201d \u0111\u01b0\u1ee3c t\u1ed5 ch\u1ee9c b\u1edfi VNEAT. Ngo\u00e0i ra, Ki\u1ec1u Anh s\u1edf h\u1eefu m\u1ed9t k\u00eanh youtube nh\u1ecf \u0111\u1ec3 chia s\u1ebb v\u1ec1 kinh nghi\u1ec7m xin h\u1ecdc b\u1ed5ng, cu\u1ed9c s\u1ed1ng, c\u0169ng nh\u01b0 nh\u1eefng chuy\u1ebfn du l\u1ecbch \u1edf \u0110\u00e0i Loan.<\/em><\/p>\n<\/div>\n<\/div>\n<\/div><\/div><\/div><\/div><\/div>\n","protected":false},"excerpt":{"rendered":"","protected":false},"author":1,"featured_media":0,"parent":0,"menu_order":0,"comment_status":"closed","ping_status":"closed","template":"","meta":{"_FSMCFIC_featured_image_caption":"","_FSMCFIC_featured_image_nocaption":"","_FSMCFIC_featured_image_hide":"","footnotes":"","_links_to":"","_links_to_target":""},"class_list":["post-310","page","type-page","status-publish","hentry","new-post"],"yoast_head":"<!-- This site is optimized with the Yoast SEO plugin v18.9 - https:\/\/yoast.com\/wordpress\/plugins\/seo\/ -->\n<title>Scientific profile: Kieu-Anh Nguyen - H\u1ed9i Chuy\u00ean Gia Vi\u1ec7t Nam t\u1ea1i \u0110\u00e0i Loan<\/title>\n<meta name=\"robots\" content=\"index, follow, max-snippet:-1, max-image-preview:large, max-video-preview:-1\" \/>\n<link rel=\"canonical\" href=\"http:\/\/vneat.org\/?page_id=310\" \/>\n<meta property=\"og:locale\" content=\"vi_VN\" \/>\n<meta property=\"og:type\" content=\"article\" \/>\n<meta property=\"og:title\" content=\"Scientific profile: Kieu-Anh Nguyen - H\u1ed9i Chuy\u00ean Gia Vi\u1ec7t Nam t\u1ea1i \u0110\u00e0i Loan\" \/>\n<meta property=\"og:url\" content=\"http:\/\/vneat.org\/?page_id=310\" \/>\n<meta property=\"og:site_name\" content=\"H\u1ed9i Chuy\u00ean Gia Vi\u1ec7t Nam t\u1ea1i \u0110\u00e0i Loan\" \/>\n<meta property=\"article:modified_time\" content=\"2024-06-16T13:26:17+00:00\" \/>\n<meta property=\"og:image\" content=\"http:\/\/vneat.org\/wp-content\/uploads\/2022\/04\/person_07_nguyenkieuanh.jpg\" \/>\n<meta name=\"twitter:card\" content=\"summary_large_image\" \/>\n<meta name=\"twitter:label1\" content=\"\u01af\u1edbc t\u00ednh th\u1eddi gian \u0111\u1ecdc\" \/>\n\t<meta name=\"twitter:data1\" content=\"2 ph\u00fat\" \/>\n<script type=\"application\/ld+json\" class=\"yoast-schema-graph\">{\"@context\":\"https:\/\/schema.org\",\"@graph\":[{\"@type\":\"Organization\",\"@id\":\"http:\/\/vneat.org\/#organization\",\"name\":\"H\u1ed9i Chuy\u00ean Gia Vi\u1ec7t Nam t\u1ea1i \u0110\u00e0i Loan\",\"url\":\"http:\/\/vneat.org\/\",\"sameAs\":[],\"logo\":{\"@type\":\"ImageObject\",\"inLanguage\":\"vi\",\"@id\":\"http:\/\/vneat.org\/#\/schema\/logo\/image\/\",\"url\":\"https:\/\/vneat.org\/wp-content\/uploads\/2022\/04\/VNEAT_small_logo.png\",\"contentUrl\":\"https:\/\/vneat.org\/wp-content\/uploads\/2022\/04\/VNEAT_small_logo.png\",\"width\":512,\"height\":204,\"caption\":\"H\u1ed9i Chuy\u00ean Gia Vi\u1ec7t Nam t\u1ea1i \u0110\u00e0i Loan\"},\"image\":{\"@id\":\"http:\/\/vneat.org\/#\/schema\/logo\/image\/\"}},{\"@type\":\"WebSite\",\"@id\":\"http:\/\/vneat.org\/#website\",\"url\":\"http:\/\/vneat.org\/\",\"name\":\"H\u1ed9i Chuy\u00ean Gia Vi\u1ec7t Nam t\u1ea1i \u0110\u00e0i Loan\",\"description\":\"Connect and Cooperate to Develope\",\"publisher\":{\"@id\":\"http:\/\/vneat.org\/#organization\"},\"potentialAction\":[{\"@type\":\"SearchAction\",\"target\":{\"@type\":\"EntryPoint\",\"urlTemplate\":\"http:\/\/vneat.org\/?s={search_term_string}\"},\"query-input\":\"required name=search_term_string\"}],\"inLanguage\":\"vi\"},{\"@type\":\"ImageObject\",\"inLanguage\":\"vi\",\"@id\":\"http:\/\/vneat.org\/?page_id=310#primaryimage\",\"url\":\"http:\/\/vneat.org\/wp-content\/uploads\/2022\/04\/person_07_nguyenkieuanh.jpg\",\"contentUrl\":\"http:\/\/vneat.org\/wp-content\/uploads\/2022\/04\/person_07_nguyenkieuanh.jpg\",\"width\":150,\"height\":149},{\"@type\":\"WebPage\",\"@id\":\"http:\/\/vneat.org\/?page_id=310#webpage\",\"url\":\"http:\/\/vneat.org\/?page_id=310\",\"name\":\"Scientific profile: Kieu-Anh Nguyen - H\u1ed9i Chuy\u00ean Gia Vi\u1ec7t Nam t\u1ea1i \u0110\u00e0i Loan\",\"isPartOf\":{\"@id\":\"http:\/\/vneat.org\/#website\"},\"primaryImageOfPage\":{\"@id\":\"http:\/\/vneat.org\/?page_id=310#primaryimage\"},\"datePublished\":\"2022-04-28T10:25:59+00:00\",\"dateModified\":\"2024-06-16T13:26:17+00:00\",\"breadcrumb\":{\"@id\":\"http:\/\/vneat.org\/?page_id=310#breadcrumb\"},\"inLanguage\":\"vi\",\"potentialAction\":[{\"@type\":\"ReadAction\",\"target\":[\"http:\/\/vneat.org\/?page_id=310\"]}]},{\"@type\":\"BreadcrumbList\",\"@id\":\"http:\/\/vneat.org\/?page_id=310#breadcrumb\",\"itemListElement\":[{\"@type\":\"ListItem\",\"position\":1,\"name\":\"Trang ch\u1ee7\",\"item\":\"http:\/\/vneat.org\/\"},{\"@type\":\"ListItem\",\"position\":2,\"name\":\"Scientific profile: Kieu-Anh Nguyen\"}]}]}<\/script>\n<!-- \/ Yoast SEO plugin. -->","yoast_head_json":{"title":"Scientific profile: Kieu-Anh Nguyen - H\u1ed9i Chuy\u00ean Gia Vi\u1ec7t Nam t\u1ea1i \u0110\u00e0i Loan","robots":{"index":"index","follow":"follow","max-snippet":"max-snippet:-1","max-image-preview":"max-image-preview:large","max-video-preview":"max-video-preview:-1"},"canonical":"http:\/\/vneat.org\/?page_id=310","og_locale":"vi_VN","og_type":"article","og_title":"Scientific profile: Kieu-Anh Nguyen - H\u1ed9i Chuy\u00ean Gia Vi\u1ec7t Nam t\u1ea1i \u0110\u00e0i Loan","og_url":"http:\/\/vneat.org\/?page_id=310","og_site_name":"H\u1ed9i Chuy\u00ean Gia Vi\u1ec7t Nam t\u1ea1i \u0110\u00e0i Loan","article_modified_time":"2024-06-16T13:26:17+00:00","og_image":[{"url":"http:\/\/vneat.org\/wp-content\/uploads\/2022\/04\/person_07_nguyenkieuanh.jpg"}],"twitter_card":"summary_large_image","twitter_misc":{"\u01af\u1edbc t\u00ednh th\u1eddi gian \u0111\u1ecdc":"2 ph\u00fat"},"schema":{"@context":"https:\/\/schema.org","@graph":[{"@type":"Organization","@id":"http:\/\/vneat.org\/#organization","name":"H\u1ed9i Chuy\u00ean Gia Vi\u1ec7t Nam t\u1ea1i \u0110\u00e0i Loan","url":"http:\/\/vneat.org\/","sameAs":[],"logo":{"@type":"ImageObject","inLanguage":"vi","@id":"http:\/\/vneat.org\/#\/schema\/logo\/image\/","url":"https:\/\/vneat.org\/wp-content\/uploads\/2022\/04\/VNEAT_small_logo.png","contentUrl":"https:\/\/vneat.org\/wp-content\/uploads\/2022\/04\/VNEAT_small_logo.png","width":512,"height":204,"caption":"H\u1ed9i Chuy\u00ean Gia Vi\u1ec7t Nam t\u1ea1i \u0110\u00e0i Loan"},"image":{"@id":"http:\/\/vneat.org\/#\/schema\/logo\/image\/"}},{"@type":"WebSite","@id":"http:\/\/vneat.org\/#website","url":"http:\/\/vneat.org\/","name":"H\u1ed9i Chuy\u00ean Gia Vi\u1ec7t Nam t\u1ea1i \u0110\u00e0i Loan","description":"Connect and Cooperate to Develope","publisher":{"@id":"http:\/\/vneat.org\/#organization"},"potentialAction":[{"@type":"SearchAction","target":{"@type":"EntryPoint","urlTemplate":"http:\/\/vneat.org\/?s={search_term_string}"},"query-input":"required name=search_term_string"}],"inLanguage":"vi"},{"@type":"ImageObject","inLanguage":"vi","@id":"http:\/\/vneat.org\/?page_id=310#primaryimage","url":"http:\/\/vneat.org\/wp-content\/uploads\/2022\/04\/person_07_nguyenkieuanh.jpg","contentUrl":"http:\/\/vneat.org\/wp-content\/uploads\/2022\/04\/person_07_nguyenkieuanh.jpg","width":150,"height":149},{"@type":"WebPage","@id":"http:\/\/vneat.org\/?page_id=310#webpage","url":"http:\/\/vneat.org\/?page_id=310","name":"Scientific profile: Kieu-Anh Nguyen - H\u1ed9i Chuy\u00ean Gia Vi\u1ec7t Nam t\u1ea1i \u0110\u00e0i Loan","isPartOf":{"@id":"http:\/\/vneat.org\/#website"},"primaryImageOfPage":{"@id":"http:\/\/vneat.org\/?page_id=310#primaryimage"},"datePublished":"2022-04-28T10:25:59+00:00","dateModified":"2024-06-16T13:26:17+00:00","breadcrumb":{"@id":"http:\/\/vneat.org\/?page_id=310#breadcrumb"},"inLanguage":"vi","potentialAction":[{"@type":"ReadAction","target":["http:\/\/vneat.org\/?page_id=310"]}]},{"@type":"BreadcrumbList","@id":"http:\/\/vneat.org\/?page_id=310#breadcrumb","itemListElement":[{"@type":"ListItem","position":1,"name":"Trang ch\u1ee7","item":"http:\/\/vneat.org\/"},{"@type":"ListItem","position":2,"name":"Scientific profile: Kieu-Anh Nguyen"}]}]}},"_links":{"self":[{"href":"http:\/\/vneat.org\/index.php?rest_route=\/wp\/v2\/pages\/310","targetHints":{"allow":["GET"]}}],"collection":[{"href":"http:\/\/vneat.org\/index.php?rest_route=\/wp\/v2\/pages"}],"about":[{"href":"http:\/\/vneat.org\/index.php?rest_route=\/wp\/v2\/types\/page"}],"author":[{"embeddable":true,"href":"http:\/\/vneat.org\/index.php?rest_route=\/wp\/v2\/users\/1"}],"replies":[{"embeddable":true,"href":"http:\/\/vneat.org\/index.php?rest_route=%2Fwp%2Fv2%2Fcomments&post=310"}],"version-history":[{"count":2,"href":"http:\/\/vneat.org\/index.php?rest_route=\/wp\/v2\/pages\/310\/revisions"}],"predecessor-version":[{"id":1796,"href":"http:\/\/vneat.org\/index.php?rest_route=\/wp\/v2\/pages\/310\/revisions\/1796"}],"wp:attachment":[{"href":"http:\/\/vneat.org\/index.php?rest_route=%2Fwp%2Fv2%2Fmedia&parent=310"}],"curies":[{"name":"wp","href":"https:\/\/api.w.org\/{rel}","templated":true}]}}