{"id":300,"date":"2022-04-28T18:09:06","date_gmt":"2022-04-28T10:09:06","guid":{"rendered":"http:\/\/vneat.org\/?page_id=300"},"modified":"2024-06-16T21:20:46","modified_gmt":"2024-06-16T13:20:46","slug":"scientific-profile-van-nam-nguyen","status":"publish","type":"page","link":"http:\/\/vneat.org\/?page_id=300","title":{"rendered":"Scientific profile: Van-Nam Nguyen"},"content":{"rendered":"\n<div class=\"wp-block-getwid-section alignfull alignfull getwid-section-content-full-width\"><div class=\"wp-block-getwid-section__wrapper getwid-align-items-flex-start getwid-align-items-tablet-flex-start getwid-align-items-mobile-flex-start\"><div class=\"wp-block-getwid-section__inner-wrapper\"><div class=\"wp-block-getwid-section__background-holder\"><div class=\"wp-block-getwid-section__background\"><\/div><div class=\"wp-block-getwid-section__foreground\"><\/div><\/div><div class=\"wp-block-getwid-section__content\"><div class=\"wp-block-getwid-section__inner-content\">\n<div class=\"wp-block-columns is-layout-flex wp-container-core-columns-is-layout-9d6595d7 wp-block-columns-is-layout-flex\">\n<div class=\"wp-block-column is-layout-flow wp-block-column-is-layout-flow\" style=\"flex-basis:33.33%\">\n<div class=\"wp-block-getwid-person\"><div class=\"wp-block-getwid-person__image\"><img loading=\"lazy\" decoding=\"async\" width=\"150\" height=\"150\" src=\"http:\/\/vneat.org\/wp-content\/uploads\/2022\/04\/person_04_vice_president.jpg\" class=\"wp-image-228\" srcset=\"http:\/\/vneat.org\/wp-content\/uploads\/2022\/04\/person_04_vice_president.jpg 150w, http:\/\/vneat.org\/wp-content\/uploads\/2022\/04\/person_04_vice_president-83x83.jpg 83w\" sizes=\"auto, (max-width: 150px) 100vw, 150px\" \/><\/div><div class=\"wp-block-getwid-person__content-wrapper\"><span class=\"wp-block-getwid-person__title\"><strong>Mr. Van-Nam Nguyen<\/strong><\/span><p class=\"wp-block-getwid-person__content\">Member<\/p>\n<div class=\"wp-block-getwid-social-links has-default-spacing\"><ul class=\"wp-block-getwid-social-links__list getwid-justify-content-center\"><li class=\"wp-block-getwid-social-links__item\"><a class=\"wp-block-getwid-social-links__link\" href=\"https:\/\/www.facebook.com\/\"><span class=\"wp-block-getwid-social-links__wrapper\"><i class=\"fab fa-facebook-f\"><\/i><\/span><\/a><\/li><li class=\"wp-block-getwid-social-links__item\"><a class=\"wp-block-getwid-social-links__link\" href=\"https:\/\/twitter.com\/\"><span class=\"wp-block-getwid-social-links__wrapper\"><i class=\"fab fa-twitter\"><\/i><\/span><\/a><\/li><li class=\"wp-block-getwid-social-links__item\"><a class=\"wp-block-getwid-social-links__link\" href=\"https:\/\/www.instagram.com\/\"><span class=\"wp-block-getwid-social-links__wrapper\"><i class=\"fab fa-instagram\"><\/i><\/span><\/a><\/li><li class=\"wp-block-getwid-social-links__item\"><a class=\"wp-block-getwid-social-links__link\" href=\"https:\/\/www.youtube.com\/\"><span class=\"wp-block-getwid-social-links__wrapper\"><i class=\"fab fa-youtube\"><\/i><\/span><\/a><\/li><\/ul><\/div>\n<\/div><\/div>\n<\/div>\n\n\n\n<div class=\"wp-block-column is-layout-flow wp-block-column-is-layout-flow\" style=\"flex-basis:66.66%\">\n<div class=\"wp-block-getwid-advanced-heading alignfull alignfull has-custom-font-size fs-tablet-80 fs-mobile-50\" style=\"font-size:30px\"><span class=\"wp-block-getwid-advanced-heading__content has-text-color has-vivid-red-color\" style=\"font-family:&quot;Work Sans&quot;;font-weight:normal;text-transform:capitalize\"><strong>Mr. Van-nam Nguyen&nbsp;&nbsp;<\/strong>&nbsp;&nbsp;&nbsp;&nbsp;&nbsp;&nbsp;&nbsp;&nbsp;&nbsp;&nbsp;&nbsp;&nbsp;&nbsp;&nbsp;&nbsp;&nbsp;&nbsp;&nbsp;&nbsp;&nbsp;&nbsp;&nbsp;&nbsp;&nbsp;&nbsp;&nbsp;&nbsp;&nbsp;&nbsp;&nbsp;&nbsp;&nbsp;&nbsp;<\/span><\/div>\n\n\n\n<p><strong>Position\/Title:<\/strong> Member<\/p>\n\n\n\n<p><strong>Role in VNEAT:<\/strong> In charge of Inter-societal Relationships<\/p>\n\n\n\n<p><strong>Email:<\/strong> <a href=\"mailto:nam.bidv.tw@gmail.com\" target=\"_blank\" rel=\"noreferrer noopener\">nam.bidv.tw@gmail.com<\/a><\/p>\n\n\n\n<p><strong>Education:<\/strong> Master of International Relations (2011-2013)<\/p>\n\n\n\n<p><strong>Affiliation\/Organization:<\/strong><\/p>\n\n\n\n<p>Head of the department of International Affairs<\/p>\n\n\n\n<p>BIDV\u2019s Representative Office in Taipei<\/p>\n\n\n\n<p><strong>Field of expertise:<\/strong> Mr. Van-Nam Nguyen obtained a master&#8217;s degree in the field of International Relations and worked for the Bank for Investment and Development of Vietnam (BIDV). He has a lot of experiences in banking and finance. Mr. Van-Nam Nguyen was appointed to come to Taiwan to work at BIDV&#8217;s Representative Office in Taiwan as head of international relations department. He has the advantage of having extensive relationships with businesses and major financial institutions of Taiwan, deep knowledge and experiences in the field of international relations. Nam&#8217;s other interests include studying economics and foreign affairs, having a passion for sports and travel.<\/p>\n\n\n\n<p><em>Anh Nguy\u1ec5n V\u0103n Nam t\u1ed1t nghi\u1ec7p th\u1ea1c s\u0129 v\u1ec1 chuy\u00ean ng\u00e0nh quan h\u1ec7 qu\u1ed1c t\u1ebf v\u00e0 l\u00e0m vi\u1ec7c t\u1ea1i Ng\u00e2n h\u00e0ng \u0110\u1ea7u t\u01b0 v\u00e0 ph\u00e1t tri\u1ec3n Vi\u1ec7t Nam (BIDV), c\u00f3 nhi\u1ec1u kinh nghi\u1ec7m trong l\u0129nh v\u1ef1c t\u00e0i ch\u00ednh ng\u00e2n h\u00e0ng. Hi\u1ec7n nay, anh Nguy\u1ec5n V\u0103n Nam \u0111ang l\u00e0m vi\u1ec7c t\u1ea1i V\u0103n ph\u00f2ng \u0110\u1ea1i di\u1ec7n BIDV t\u1ea1i \u0110\u00e0i Loan v\u1edbi c\u01b0\u01a1ng v\u1ecb l\u00e0 Tr\u01b0\u1edfng ph\u00f2ng quan h\u1ec7 qu\u1ed1c t\u1ebf. Anh c\u00f3 m\u1ed1i quan h\u1ec7 s\u00e2u r\u1ed9ng v\u1edbi gi\u1edbi doanh nghi\u1ec7p v\u00e0 c\u00e1c \u0111\u1ecbnh ch\u1ebf t\u00e0i ch\u00ednh l\u1edbn c\u1ee7a \u0110\u00e0i Loan v\u00e0 c\u00f3 ki\u1ebfn th\u1ee9c kinh nghi\u1ec7m phong ph\u00fa trong l\u0129nh v\u1ef1c quan h\u1ec7 qu\u1ed1c t\u1ebf. C\u00e1c s\u1edf th\u00edch kh\u00e1c c\u1ee7a anh Nam g\u1ed3m nghi\u00ean c\u1ee9u v\u1ec1 kinh t\u1ebf, \u0111\u1ed1i ngo\u1ea1i v\u00e0 c\u00f3 ni\u1ec1m \u0111am m\u00ea th\u1ec3 thao v\u00e0 du l\u1ecbch.<\/em><\/p>\n<\/div>\n<\/div>\n<\/div><\/div><\/div><\/div><\/div>\n","protected":false},"excerpt":{"rendered":"","protected":false},"author":1,"featured_media":0,"parent":0,"menu_order":0,"comment_status":"closed","ping_status":"closed","template":"","meta":{"_FSMCFIC_featured_image_caption":"","_FSMCFIC_featured_image_nocaption":"","_FSMCFIC_featured_image_hide":"","footnotes":"","_links_to":"","_links_to_target":""},"class_list":["post-300","page","type-page","status-publish","hentry","new-post"],"yoast_head":"<!-- This site is optimized with the Yoast SEO plugin v18.9 - https:\/\/yoast.com\/wordpress\/plugins\/seo\/ -->\n<title>Scientific profile: Van-Nam Nguyen - H\u1ed9i Chuy\u00ean Gia Vi\u1ec7t Nam t\u1ea1i \u0110\u00e0i Loan<\/title>\n<meta name=\"robots\" content=\"index, follow, max-snippet:-1, max-image-preview:large, max-video-preview:-1\" \/>\n<link rel=\"canonical\" href=\"http:\/\/vneat.org\/?page_id=300\" \/>\n<meta property=\"og:locale\" content=\"vi_VN\" \/>\n<meta property=\"og:type\" content=\"article\" \/>\n<meta property=\"og:title\" content=\"Scientific profile: Van-Nam Nguyen - H\u1ed9i Chuy\u00ean Gia Vi\u1ec7t Nam t\u1ea1i \u0110\u00e0i Loan\" \/>\n<meta property=\"og:url\" content=\"http:\/\/vneat.org\/?page_id=300\" \/>\n<meta property=\"og:site_name\" content=\"H\u1ed9i Chuy\u00ean Gia Vi\u1ec7t Nam t\u1ea1i \u0110\u00e0i Loan\" \/>\n<meta property=\"article:modified_time\" content=\"2024-06-16T13:20:46+00:00\" \/>\n<meta property=\"og:image\" content=\"http:\/\/vneat.org\/wp-content\/uploads\/2022\/04\/person_04_vice_president.jpg\" \/>\n<meta name=\"twitter:card\" content=\"summary_large_image\" \/>\n<meta name=\"twitter:label1\" content=\"\u01af\u1edbc t\u00ednh th\u1eddi gian \u0111\u1ecdc\" \/>\n\t<meta name=\"twitter:data1\" content=\"2 ph\u00fat\" \/>\n<script type=\"application\/ld+json\" class=\"yoast-schema-graph\">{\"@context\":\"https:\/\/schema.org\",\"@graph\":[{\"@type\":\"Organization\",\"@id\":\"http:\/\/vneat.org\/#organization\",\"name\":\"H\u1ed9i Chuy\u00ean Gia Vi\u1ec7t Nam t\u1ea1i \u0110\u00e0i Loan\",\"url\":\"http:\/\/vneat.org\/\",\"sameAs\":[],\"logo\":{\"@type\":\"ImageObject\",\"inLanguage\":\"vi\",\"@id\":\"http:\/\/vneat.org\/#\/schema\/logo\/image\/\",\"url\":\"https:\/\/vneat.org\/wp-content\/uploads\/2022\/04\/VNEAT_small_logo.png\",\"contentUrl\":\"https:\/\/vneat.org\/wp-content\/uploads\/2022\/04\/VNEAT_small_logo.png\",\"width\":512,\"height\":204,\"caption\":\"H\u1ed9i Chuy\u00ean Gia Vi\u1ec7t Nam t\u1ea1i \u0110\u00e0i Loan\"},\"image\":{\"@id\":\"http:\/\/vneat.org\/#\/schema\/logo\/image\/\"}},{\"@type\":\"WebSite\",\"@id\":\"http:\/\/vneat.org\/#website\",\"url\":\"http:\/\/vneat.org\/\",\"name\":\"H\u1ed9i Chuy\u00ean Gia Vi\u1ec7t Nam t\u1ea1i \u0110\u00e0i Loan\",\"description\":\"Connect and Cooperate to Develope\",\"publisher\":{\"@id\":\"http:\/\/vneat.org\/#organization\"},\"potentialAction\":[{\"@type\":\"SearchAction\",\"target\":{\"@type\":\"EntryPoint\",\"urlTemplate\":\"http:\/\/vneat.org\/?s={search_term_string}\"},\"query-input\":\"required name=search_term_string\"}],\"inLanguage\":\"vi\"},{\"@type\":\"ImageObject\",\"inLanguage\":\"vi\",\"@id\":\"http:\/\/vneat.org\/?page_id=300#primaryimage\",\"url\":\"http:\/\/vneat.org\/wp-content\/uploads\/2022\/04\/person_04_vice_president.jpg\",\"contentUrl\":\"http:\/\/vneat.org\/wp-content\/uploads\/2022\/04\/person_04_vice_president.jpg\",\"width\":150,\"height\":150},{\"@type\":\"WebPage\",\"@id\":\"http:\/\/vneat.org\/?page_id=300#webpage\",\"url\":\"http:\/\/vneat.org\/?page_id=300\",\"name\":\"Scientific profile: Van-Nam Nguyen - H\u1ed9i Chuy\u00ean Gia Vi\u1ec7t Nam t\u1ea1i \u0110\u00e0i Loan\",\"isPartOf\":{\"@id\":\"http:\/\/vneat.org\/#website\"},\"primaryImageOfPage\":{\"@id\":\"http:\/\/vneat.org\/?page_id=300#primaryimage\"},\"datePublished\":\"2022-04-28T10:09:06+00:00\",\"dateModified\":\"2024-06-16T13:20:46+00:00\",\"breadcrumb\":{\"@id\":\"http:\/\/vneat.org\/?page_id=300#breadcrumb\"},\"inLanguage\":\"vi\",\"potentialAction\":[{\"@type\":\"ReadAction\",\"target\":[\"http:\/\/vneat.org\/?page_id=300\"]}]},{\"@type\":\"BreadcrumbList\",\"@id\":\"http:\/\/vneat.org\/?page_id=300#breadcrumb\",\"itemListElement\":[{\"@type\":\"ListItem\",\"position\":1,\"name\":\"Trang ch\u1ee7\",\"item\":\"http:\/\/vneat.org\/\"},{\"@type\":\"ListItem\",\"position\":2,\"name\":\"Scientific profile: Van-Nam Nguyen\"}]}]}<\/script>\n<!-- \/ Yoast SEO plugin. -->","yoast_head_json":{"title":"Scientific profile: Van-Nam Nguyen - H\u1ed9i Chuy\u00ean Gia Vi\u1ec7t Nam t\u1ea1i \u0110\u00e0i Loan","robots":{"index":"index","follow":"follow","max-snippet":"max-snippet:-1","max-image-preview":"max-image-preview:large","max-video-preview":"max-video-preview:-1"},"canonical":"http:\/\/vneat.org\/?page_id=300","og_locale":"vi_VN","og_type":"article","og_title":"Scientific profile: Van-Nam Nguyen - H\u1ed9i Chuy\u00ean Gia Vi\u1ec7t Nam t\u1ea1i \u0110\u00e0i Loan","og_url":"http:\/\/vneat.org\/?page_id=300","og_site_name":"H\u1ed9i Chuy\u00ean Gia Vi\u1ec7t Nam t\u1ea1i \u0110\u00e0i Loan","article_modified_time":"2024-06-16T13:20:46+00:00","og_image":[{"url":"http:\/\/vneat.org\/wp-content\/uploads\/2022\/04\/person_04_vice_president.jpg"}],"twitter_card":"summary_large_image","twitter_misc":{"\u01af\u1edbc t\u00ednh th\u1eddi gian \u0111\u1ecdc":"2 ph\u00fat"},"schema":{"@context":"https:\/\/schema.org","@graph":[{"@type":"Organization","@id":"http:\/\/vneat.org\/#organization","name":"H\u1ed9i Chuy\u00ean Gia Vi\u1ec7t Nam t\u1ea1i \u0110\u00e0i Loan","url":"http:\/\/vneat.org\/","sameAs":[],"logo":{"@type":"ImageObject","inLanguage":"vi","@id":"http:\/\/vneat.org\/#\/schema\/logo\/image\/","url":"https:\/\/vneat.org\/wp-content\/uploads\/2022\/04\/VNEAT_small_logo.png","contentUrl":"https:\/\/vneat.org\/wp-content\/uploads\/2022\/04\/VNEAT_small_logo.png","width":512,"height":204,"caption":"H\u1ed9i Chuy\u00ean Gia Vi\u1ec7t Nam t\u1ea1i \u0110\u00e0i Loan"},"image":{"@id":"http:\/\/vneat.org\/#\/schema\/logo\/image\/"}},{"@type":"WebSite","@id":"http:\/\/vneat.org\/#website","url":"http:\/\/vneat.org\/","name":"H\u1ed9i Chuy\u00ean Gia Vi\u1ec7t Nam t\u1ea1i \u0110\u00e0i Loan","description":"Connect and Cooperate to Develope","publisher":{"@id":"http:\/\/vneat.org\/#organization"},"potentialAction":[{"@type":"SearchAction","target":{"@type":"EntryPoint","urlTemplate":"http:\/\/vneat.org\/?s={search_term_string}"},"query-input":"required name=search_term_string"}],"inLanguage":"vi"},{"@type":"ImageObject","inLanguage":"vi","@id":"http:\/\/vneat.org\/?page_id=300#primaryimage","url":"http:\/\/vneat.org\/wp-content\/uploads\/2022\/04\/person_04_vice_president.jpg","contentUrl":"http:\/\/vneat.org\/wp-content\/uploads\/2022\/04\/person_04_vice_president.jpg","width":150,"height":150},{"@type":"WebPage","@id":"http:\/\/vneat.org\/?page_id=300#webpage","url":"http:\/\/vneat.org\/?page_id=300","name":"Scientific profile: Van-Nam Nguyen - H\u1ed9i Chuy\u00ean Gia Vi\u1ec7t Nam t\u1ea1i \u0110\u00e0i Loan","isPartOf":{"@id":"http:\/\/vneat.org\/#website"},"primaryImageOfPage":{"@id":"http:\/\/vneat.org\/?page_id=300#primaryimage"},"datePublished":"2022-04-28T10:09:06+00:00","dateModified":"2024-06-16T13:20:46+00:00","breadcrumb":{"@id":"http:\/\/vneat.org\/?page_id=300#breadcrumb"},"inLanguage":"vi","potentialAction":[{"@type":"ReadAction","target":["http:\/\/vneat.org\/?page_id=300"]}]},{"@type":"BreadcrumbList","@id":"http:\/\/vneat.org\/?page_id=300#breadcrumb","itemListElement":[{"@type":"ListItem","position":1,"name":"Trang ch\u1ee7","item":"http:\/\/vneat.org\/"},{"@type":"ListItem","position":2,"name":"Scientific profile: Van-Nam Nguyen"}]}]}},"_links":{"self":[{"href":"http:\/\/vneat.org\/index.php?rest_route=\/wp\/v2\/pages\/300","targetHints":{"allow":["GET"]}}],"collection":[{"href":"http:\/\/vneat.org\/index.php?rest_route=\/wp\/v2\/pages"}],"about":[{"href":"http:\/\/vneat.org\/index.php?rest_route=\/wp\/v2\/types\/page"}],"author":[{"embeddable":true,"href":"http:\/\/vneat.org\/index.php?rest_route=\/wp\/v2\/users\/1"}],"replies":[{"embeddable":true,"href":"http:\/\/vneat.org\/index.php?rest_route=%2Fwp%2Fv2%2Fcomments&post=300"}],"version-history":[{"count":2,"href":"http:\/\/vneat.org\/index.php?rest_route=\/wp\/v2\/pages\/300\/revisions"}],"predecessor-version":[{"id":1793,"href":"http:\/\/vneat.org\/index.php?rest_route=\/wp\/v2\/pages\/300\/revisions\/1793"}],"wp:attachment":[{"href":"http:\/\/vneat.org\/index.php?rest_route=%2Fwp%2Fv2%2Fmedia&parent=300"}],"curies":[{"name":"wp","href":"https:\/\/api.w.org\/{rel}","templated":true}]}}