{"id":286,"date":"2022-04-28T15:51:10","date_gmt":"2022-04-28T07:51:10","guid":{"rendered":"http:\/\/vneat.org\/?page_id=286"},"modified":"2024-06-16T21:18:38","modified_gmt":"2024-06-16T13:18:38","slug":"dr-nguyen-kim-anh-en","status":"publish","type":"page","link":"http:\/\/vneat.org\/?page_id=286&lang=en","title":{"rendered":"Scientific profile: Kim-Anh Nguyen"},"content":{"rendered":"\n<div class=\"wp-block-getwid-section alignfull alignfull getwid-section-content-full-width\"><div class=\"wp-block-getwid-section__wrapper getwid-align-items-flex-start getwid-align-items-tablet-flex-start getwid-align-items-mobile-flex-start\"><div class=\"wp-block-getwid-section__inner-wrapper\"><div class=\"wp-block-getwid-section__background-holder\"><div class=\"wp-block-getwid-section__background\"><\/div><div class=\"wp-block-getwid-section__foreground\"><\/div><\/div><div class=\"wp-block-getwid-section__content\"><div class=\"wp-block-getwid-section__inner-content\">\n<div class=\"wp-block-columns is-layout-flex wp-container-core-columns-is-layout-9d6595d7 wp-block-columns-is-layout-flex\">\n<div class=\"wp-block-column is-layout-flow wp-block-column-is-layout-flow\" style=\"flex-basis:33.33%\">\n<div class=\"wp-block-getwid-person\"><div class=\"wp-block-getwid-person__image\"><img loading=\"lazy\" decoding=\"async\" width=\"150\" height=\"150\" src=\"http:\/\/vneat.org\/wp-content\/uploads\/2022\/04\/person_01_president.jpg\" class=\"wp-image-208\" srcset=\"http:\/\/vneat.org\/wp-content\/uploads\/2022\/04\/person_01_president.jpg 150w, http:\/\/vneat.org\/wp-content\/uploads\/2022\/04\/person_01_president-83x83.jpg 83w\" sizes=\"auto, (max-width: 150px) 100vw, 150px\" \/><\/div><div class=\"wp-block-getwid-person__content-wrapper\"><span class=\"wp-block-getwid-person__title\"><strong>Dr. Kim-Anh Nguyen<\/strong><\/span><p class=\"wp-block-getwid-person__content\">Member<\/p>\n<div class=\"wp-block-getwid-social-links has-default-spacing\"><ul class=\"wp-block-getwid-social-links__list getwid-justify-content-center\"><li class=\"wp-block-getwid-social-links__item\"><a class=\"wp-block-getwid-social-links__link\" href=\"https:\/\/www.facebook.com\/\"><span class=\"wp-block-getwid-social-links__wrapper\"><i class=\"fab fa-facebook-f\"><\/i><\/span><\/a><\/li><li class=\"wp-block-getwid-social-links__item\"><a class=\"wp-block-getwid-social-links__link\" href=\"https:\/\/twitter.com\/\"><span class=\"wp-block-getwid-social-links__wrapper\"><i class=\"fab fa-twitter\"><\/i><\/span><\/a><\/li><li class=\"wp-block-getwid-social-links__item\"><a class=\"wp-block-getwid-social-links__link\" href=\"https:\/\/www.instagram.com\/\"><span class=\"wp-block-getwid-social-links__wrapper\"><i class=\"fab fa-instagram\"><\/i><\/span><\/a><\/li><li class=\"wp-block-getwid-social-links__item\"><a class=\"wp-block-getwid-social-links__link\" href=\"https:\/\/www.youtube.com\/\"><span class=\"wp-block-getwid-social-links__wrapper\"><i class=\"fab fa-youtube\"><\/i><\/span><\/a><\/li><\/ul><\/div>\n<\/div><\/div>\n\n\n\n<p class=\"has-text-align-center\">M\u00e3 QR Google Scholar<\/p>\n\n\n\n<div class=\"wp-block-getwid-image-box has-text-center has-mobile-layout-default has-mobile-alignment-default\"><div class=\"wp-block-getwid-image-box__image-container is-position-top\"><div class=\"wp-block-getwid-image-box__image-wrapper\"><img loading=\"lazy\" decoding=\"async\" width=\"150\" height=\"151\" src=\"http:\/\/vneat.org\/wp-content\/uploads\/2022\/04\/person_01_QR.jpg\" alt=\"\" class=\"wp-block-getwid-image-box__image wp-image-212\" srcset=\"http:\/\/vneat.org\/wp-content\/uploads\/2022\/04\/person_01_QR.jpg 150w, http:\/\/vneat.org\/wp-content\/uploads\/2022\/04\/person_01_QR-83x83.jpg 83w\" sizes=\"auto, (max-width: 150px) 100vw, 150px\" \/><\/div><\/div><div class=\"wp-block-getwid-image-box__content\">\n<p><\/p>\n<\/div><\/div>\n<\/div>\n\n\n\n<div class=\"wp-block-column is-layout-flow wp-block-column-is-layout-flow\" style=\"flex-basis:66.66%\">\n<div class=\"wp-block-getwid-advanced-heading alignfull alignfull has-custom-font-size fs-tablet-80 fs-mobile-50\" style=\"font-size:30px\"><span class=\"wp-block-getwid-advanced-heading__content has-text-color has-vivid-red-color\" style=\"font-family:&quot;Work Sans&quot;;font-weight:normal;text-transform:capitalize\"><strong>Dr. Kim-Anh Nguyen&nbsp;&nbsp;<\/strong>&nbsp;&nbsp;&nbsp;&nbsp;&nbsp;&nbsp;&nbsp;&nbsp;&nbsp;&nbsp;&nbsp;&nbsp;&nbsp;&nbsp;&nbsp;&nbsp;&nbsp;&nbsp;&nbsp;&nbsp;&nbsp;&nbsp;&nbsp;&nbsp;&nbsp;&nbsp;&nbsp;&nbsp;&nbsp;&nbsp;&nbsp;&nbsp;&nbsp;<\/span><\/div>\n\n\n\n<p><strong>Position\/Title<\/strong>: Member<\/p>\n\n\n\n<p><strong>Email<\/strong>: <a href=\"mailto:nguyenrose@csrsr.ncu.edu.tw\" data-type=\"mailto\" data-id=\"mailto:nguyenrose@csrsr.ncu.edu.tw\">nguyenro<\/a><a href=\"mailto:nguyenrose@csrsr.ncu.edu.tw\" data-type=\"mailto\" data-id=\"mailto:nguyenrose@csrsr.ncu.edu.tw\" target=\"_blank\" rel=\"noreferrer noopener\">se@csrsr.ncu.edu.tw<\/a><\/p>\n\n\n\n<p><strong>Education:<\/strong> Ph.D. at Graduate Institute of Hydrological and Oceanic Science, National Central University<\/p>\n\n\n\n<p><strong>Affiliation\/Organization<\/strong>:<\/p>\n\n\n\n<p><strong>(1) Postdoctoral Research Fellow<\/strong><\/p>\n\n\n\n<p>Center for Space and Remote Sensing Research, National Central University<\/p>\n\n\n\n<p><strong>(2) Principal Researcher<\/strong><\/p>\n\n\n\n<p>Institute of Geography, Vietnam Academy of Science and Technology<\/p>\n\n\n\n<p><strong>Field of expertise:<\/strong><\/p>\n\n\n\n<p>Dr. Kim-Anh Nguyen is a Postdoctoral Research Fellow at the Center for Space &amp; Remote Sensing Research, National Central University, Taiwan. Her research interest includes eco-environmental vulnerability assessment, natural hazards &amp; urban greenspaces. She holds a Ph.D. in Hydrological &amp; Ocean Science from National Central University in 2017 and a M.Sc. in Remote Sensing, GIS &amp; Cartography from Hanoi University of Science and Technology, Vietnam. She has published 15 ISI papers, 4 books and 13 papers with IEEE ISBN\/ISSN, presented 43 scientific presentations. She was the winners 12 international scientific awards and currently she is the lead guest editor of Sustainability and guest editor of Remote Sensing. She is also a Social Medial Ambassador for IEEE GRSS term 2019-2023 in charge of Asia Pacific Region. Her other passions include traveling, hiking, nature photography, watching movies, and listening to classical music.<\/p>\n\n\n\n<p><em>Ti\u1ebfn s\u0129 Kim Anh hi\u1ec7n \u0111ang l\u00e0m nghi\u00ean c\u1ee9u sau ti\u1ebfn s\u0129 t\u1ea1i Trung t\u00e2m nghi\u00ean c\u1ee9u kh\u00f4ng gian vi\u1ec5n th\u00e1m, \u0110\u1ea1i h\u1ecdc Qu\u1ed1c l\u1eadp Trung \u01af\u01a1ng \u0110\u00e0i Loan. Nghi\u00ean c\u1ee9u c\u1ee7a Kim Anh t\u1eadp trung \u0111\u00e1nh gi\u00e1 t\u1ed5n th\u01b0\u01a1ng m\u00f4i tr\u01b0\u1eddng sinh th\u00e1i v\u00e0 nghi\u00ean c\u1ee9u v\u1ec1 kh\u00f4ng gian xanh \u0111\u00f4 th\u1ecb, \u0111\u00e1nh gi\u00e1 c\u00e1c t\u1ed5n th\u01b0\u01a1ng do thi\u00ean tai. C\u00f4 c\u00f3 b\u1eb1ng Ti\u1ebfn s\u0129 v\u1ec1 Khoa h\u1ecdc Th\u1ee7y v\u0103n v\u00e0 H\u1ea3i d\u01b0\u01a1ng h\u1ecdc t\u1ea1i \u0110\u1ea1i h\u1ecdc Qu\u1ed1c l\u1eadp Trung \u01af\u01a1ng \u0110\u00e0i Loan v\u00e0 b\u1eb1ng Th\u1ea1c s\u0129 v\u1ec1 vi\u1ec5n th\u00e1m, h\u1ec7 th\u00f4ng tin \u0111\u1ecba l\u00fd &amp; b\u1ea3n \u0111\u1ed3 c\u1ee7a \u0110\u1ea1i h\u1ecdc Khoa h\u1ecdc T\u1ef1 Nhi\u00ean, \u0110\u1ea1i h\u1ecdc Qu\u1ed1c Gia H\u00e0 N\u1ed9i. T\u1eeb n\u0103m 2016 \u0111\u1ebfn nay, Kim Anh \u0111\u00e3 c\u00f4ng b\u1ed1 \u0111\u01b0\u1ee3c 15 b\u00e0i ISI, 13 b\u00e1o c\u00e1o h\u1ed9i th\u1ea3o qu\u1ed1c t\u1ebf c\u00f3 m\u00e3 s\u1ed1 ISSN\/ISBN, 43 b\u00e1o c\u00e1o khoa h\u1ecdc t\u1ea1i c\u00e1c h\u1ed9i th\u1ea3o chuy\u00ean ng\u00e0nh uy t\u00edn, v\u00e0 04 cu\u1ed1n s\u00e1ch chuy\u00ean kh\u1ea3o. Kim Anh l\u00e0 ch\u1ee7 nh\u00e2n c\u1ee7a nhi\u1ec1u gi\u1ea3i th\u01b0\u1edfng khoa h\u1ecdc uy t\u00edn trong \u0111\u00f3 c\u00f3 gi\u1ea3i th\u01b0\u1edfng b\u00e0i b\u00e1o qu\u1ed1c t\u1ebf \u0111\u01b0\u1ee3c nhi\u1ec1u ng\u01b0\u1eddi quan t\u00e2m nh\u1ea5t do t\u1ea1p ch\u00ed PEPS c\u1ee7a Nh\u1eadt t\u1eb7ng 2021. C\u00e1c \u0111am m\u00ea kh\u00e1c c\u1ee7a Kim Anh bao g\u1ed3m du l\u1ecbch, leo n\u00fai, ch\u1ee5p \u1ea3nh, m\u00faa c\u1ed5 trang.<\/em><\/p>\n<\/div>\n<\/div>\n<\/div><\/div><\/div><\/div><\/div>\n\n\n\n<div style=\"height:170px\" aria-hidden=\"true\" class=\"wp-block-spacer\"><\/div>\n","protected":false},"excerpt":{"rendered":"","protected":false},"author":1,"featured_media":0,"parent":0,"menu_order":0,"comment_status":"closed","ping_status":"closed","template":"","meta":{"_FSMCFIC_featured_image_caption":"","_FSMCFIC_featured_image_nocaption":"","_FSMCFIC_featured_image_hide":"","footnotes":"","_links_to":"","_links_to_target":""},"class_list":["post-286","page","type-page","status-publish","hentry","new-post"],"yoast_head":"<!-- This site is optimized with the Yoast SEO plugin v18.9 - https:\/\/yoast.com\/wordpress\/plugins\/seo\/ -->\n<title>Scientific profile: Kim-Anh Nguyen - H\u1ed9i Chuy\u00ean Gia Vi\u1ec7t Nam t\u1ea1i \u0110\u00e0i Loan<\/title>\n<meta name=\"robots\" content=\"index, follow, max-snippet:-1, max-image-preview:large, max-video-preview:-1\" \/>\n<link rel=\"canonical\" href=\"http:\/\/vneat.org\/?page_id=286&#038;lang=en\" \/>\n<meta property=\"og:locale\" content=\"vi_VN\" \/>\n<meta property=\"og:type\" content=\"article\" \/>\n<meta property=\"og:title\" content=\"Scientific profile: Kim-Anh Nguyen - H\u1ed9i Chuy\u00ean Gia Vi\u1ec7t Nam t\u1ea1i \u0110\u00e0i Loan\" \/>\n<meta property=\"og:url\" content=\"http:\/\/vneat.org\/?page_id=286&amp;lang=en\" \/>\n<meta property=\"og:site_name\" content=\"H\u1ed9i Chuy\u00ean Gia Vi\u1ec7t Nam t\u1ea1i \u0110\u00e0i Loan\" \/>\n<meta property=\"article:modified_time\" content=\"2024-06-16T13:18:38+00:00\" \/>\n<meta property=\"og:image\" content=\"http:\/\/vneat.org\/wp-content\/uploads\/2022\/04\/person_01_president.jpg\" \/>\n<meta name=\"twitter:card\" content=\"summary_large_image\" \/>\n<meta name=\"twitter:label1\" content=\"\u01af\u1edbc t\u00ednh th\u1eddi gian \u0111\u1ecdc\" \/>\n\t<meta name=\"twitter:data1\" content=\"3 ph\u00fat\" \/>\n<script type=\"application\/ld+json\" class=\"yoast-schema-graph\">{\"@context\":\"https:\/\/schema.org\",\"@graph\":[{\"@type\":\"Organization\",\"@id\":\"http:\/\/vneat.org\/#organization\",\"name\":\"H\u1ed9i Chuy\u00ean Gia Vi\u1ec7t Nam t\u1ea1i \u0110\u00e0i Loan\",\"url\":\"http:\/\/vneat.org\/\",\"sameAs\":[],\"logo\":{\"@type\":\"ImageObject\",\"inLanguage\":\"vi\",\"@id\":\"http:\/\/vneat.org\/#\/schema\/logo\/image\/\",\"url\":\"https:\/\/vneat.org\/wp-content\/uploads\/2022\/04\/VNEAT_small_logo.png\",\"contentUrl\":\"https:\/\/vneat.org\/wp-content\/uploads\/2022\/04\/VNEAT_small_logo.png\",\"width\":512,\"height\":204,\"caption\":\"H\u1ed9i Chuy\u00ean Gia Vi\u1ec7t Nam t\u1ea1i \u0110\u00e0i Loan\"},\"image\":{\"@id\":\"http:\/\/vneat.org\/#\/schema\/logo\/image\/\"}},{\"@type\":\"WebSite\",\"@id\":\"http:\/\/vneat.org\/#website\",\"url\":\"http:\/\/vneat.org\/\",\"name\":\"H\u1ed9i Chuy\u00ean Gia Vi\u1ec7t Nam t\u1ea1i \u0110\u00e0i Loan\",\"description\":\"Connect and Cooperate to Develope\",\"publisher\":{\"@id\":\"http:\/\/vneat.org\/#organization\"},\"potentialAction\":[{\"@type\":\"SearchAction\",\"target\":{\"@type\":\"EntryPoint\",\"urlTemplate\":\"http:\/\/vneat.org\/?s={search_term_string}\"},\"query-input\":\"required name=search_term_string\"}],\"inLanguage\":\"vi\"},{\"@type\":\"ImageObject\",\"inLanguage\":\"vi\",\"@id\":\"http:\/\/vneat.org\/?page_id=286&lang=en#primaryimage\",\"url\":\"http:\/\/vneat.org\/wp-content\/uploads\/2022\/04\/person_01_president.jpg\",\"contentUrl\":\"http:\/\/vneat.org\/wp-content\/uploads\/2022\/04\/person_01_president.jpg\",\"width\":150,\"height\":150},{\"@type\":\"WebPage\",\"@id\":\"http:\/\/vneat.org\/?page_id=286&lang=en#webpage\",\"url\":\"http:\/\/vneat.org\/?page_id=286&lang=en\",\"name\":\"Scientific profile: Kim-Anh Nguyen - H\u1ed9i Chuy\u00ean Gia Vi\u1ec7t Nam t\u1ea1i \u0110\u00e0i Loan\",\"isPartOf\":{\"@id\":\"http:\/\/vneat.org\/#website\"},\"primaryImageOfPage\":{\"@id\":\"http:\/\/vneat.org\/?page_id=286&lang=en#primaryimage\"},\"datePublished\":\"2022-04-28T07:51:10+00:00\",\"dateModified\":\"2024-06-16T13:18:38+00:00\",\"breadcrumb\":{\"@id\":\"http:\/\/vneat.org\/?page_id=286&lang=en#breadcrumb\"},\"inLanguage\":\"vi\",\"potentialAction\":[{\"@type\":\"ReadAction\",\"target\":[\"http:\/\/vneat.org\/?page_id=286&lang=en\"]}]},{\"@type\":\"BreadcrumbList\",\"@id\":\"http:\/\/vneat.org\/?page_id=286&lang=en#breadcrumb\",\"itemListElement\":[{\"@type\":\"ListItem\",\"position\":1,\"name\":\"Trang ch\u1ee7\",\"item\":\"http:\/\/vneat.org\/\"},{\"@type\":\"ListItem\",\"position\":2,\"name\":\"Scientific profile: Kim-Anh Nguyen\"}]}]}<\/script>\n<!-- \/ Yoast SEO plugin. -->","yoast_head_json":{"title":"Scientific profile: Kim-Anh Nguyen - H\u1ed9i Chuy\u00ean Gia Vi\u1ec7t Nam t\u1ea1i \u0110\u00e0i Loan","robots":{"index":"index","follow":"follow","max-snippet":"max-snippet:-1","max-image-preview":"max-image-preview:large","max-video-preview":"max-video-preview:-1"},"canonical":"http:\/\/vneat.org\/?page_id=286&lang=en","og_locale":"vi_VN","og_type":"article","og_title":"Scientific profile: Kim-Anh Nguyen - H\u1ed9i Chuy\u00ean Gia Vi\u1ec7t Nam t\u1ea1i \u0110\u00e0i Loan","og_url":"http:\/\/vneat.org\/?page_id=286&lang=en","og_site_name":"H\u1ed9i Chuy\u00ean Gia Vi\u1ec7t Nam t\u1ea1i \u0110\u00e0i Loan","article_modified_time":"2024-06-16T13:18:38+00:00","og_image":[{"url":"http:\/\/vneat.org\/wp-content\/uploads\/2022\/04\/person_01_president.jpg"}],"twitter_card":"summary_large_image","twitter_misc":{"\u01af\u1edbc t\u00ednh th\u1eddi gian \u0111\u1ecdc":"3 ph\u00fat"},"schema":{"@context":"https:\/\/schema.org","@graph":[{"@type":"Organization","@id":"http:\/\/vneat.org\/#organization","name":"H\u1ed9i Chuy\u00ean Gia Vi\u1ec7t Nam t\u1ea1i \u0110\u00e0i Loan","url":"http:\/\/vneat.org\/","sameAs":[],"logo":{"@type":"ImageObject","inLanguage":"vi","@id":"http:\/\/vneat.org\/#\/schema\/logo\/image\/","url":"https:\/\/vneat.org\/wp-content\/uploads\/2022\/04\/VNEAT_small_logo.png","contentUrl":"https:\/\/vneat.org\/wp-content\/uploads\/2022\/04\/VNEAT_small_logo.png","width":512,"height":204,"caption":"H\u1ed9i Chuy\u00ean Gia Vi\u1ec7t Nam t\u1ea1i \u0110\u00e0i Loan"},"image":{"@id":"http:\/\/vneat.org\/#\/schema\/logo\/image\/"}},{"@type":"WebSite","@id":"http:\/\/vneat.org\/#website","url":"http:\/\/vneat.org\/","name":"H\u1ed9i Chuy\u00ean Gia Vi\u1ec7t Nam t\u1ea1i \u0110\u00e0i Loan","description":"Connect and Cooperate to Develope","publisher":{"@id":"http:\/\/vneat.org\/#organization"},"potentialAction":[{"@type":"SearchAction","target":{"@type":"EntryPoint","urlTemplate":"http:\/\/vneat.org\/?s={search_term_string}"},"query-input":"required name=search_term_string"}],"inLanguage":"vi"},{"@type":"ImageObject","inLanguage":"vi","@id":"http:\/\/vneat.org\/?page_id=286&lang=en#primaryimage","url":"http:\/\/vneat.org\/wp-content\/uploads\/2022\/04\/person_01_president.jpg","contentUrl":"http:\/\/vneat.org\/wp-content\/uploads\/2022\/04\/person_01_president.jpg","width":150,"height":150},{"@type":"WebPage","@id":"http:\/\/vneat.org\/?page_id=286&lang=en#webpage","url":"http:\/\/vneat.org\/?page_id=286&lang=en","name":"Scientific profile: Kim-Anh Nguyen - H\u1ed9i Chuy\u00ean Gia Vi\u1ec7t Nam t\u1ea1i \u0110\u00e0i Loan","isPartOf":{"@id":"http:\/\/vneat.org\/#website"},"primaryImageOfPage":{"@id":"http:\/\/vneat.org\/?page_id=286&lang=en#primaryimage"},"datePublished":"2022-04-28T07:51:10+00:00","dateModified":"2024-06-16T13:18:38+00:00","breadcrumb":{"@id":"http:\/\/vneat.org\/?page_id=286&lang=en#breadcrumb"},"inLanguage":"vi","potentialAction":[{"@type":"ReadAction","target":["http:\/\/vneat.org\/?page_id=286&lang=en"]}]},{"@type":"BreadcrumbList","@id":"http:\/\/vneat.org\/?page_id=286&lang=en#breadcrumb","itemListElement":[{"@type":"ListItem","position":1,"name":"Trang ch\u1ee7","item":"http:\/\/vneat.org\/"},{"@type":"ListItem","position":2,"name":"Scientific profile: Kim-Anh Nguyen"}]}]}},"_links":{"self":[{"href":"http:\/\/vneat.org\/index.php?rest_route=\/wp\/v2\/pages\/286","targetHints":{"allow":["GET"]}}],"collection":[{"href":"http:\/\/vneat.org\/index.php?rest_route=\/wp\/v2\/pages"}],"about":[{"href":"http:\/\/vneat.org\/index.php?rest_route=\/wp\/v2\/types\/page"}],"author":[{"embeddable":true,"href":"http:\/\/vneat.org\/index.php?rest_route=\/wp\/v2\/users\/1"}],"replies":[{"embeddable":true,"href":"http:\/\/vneat.org\/index.php?rest_route=%2Fwp%2Fv2%2Fcomments&post=286"}],"version-history":[{"count":7,"href":"http:\/\/vneat.org\/index.php?rest_route=\/wp\/v2\/pages\/286\/revisions"}],"predecessor-version":[{"id":1791,"href":"http:\/\/vneat.org\/index.php?rest_route=\/wp\/v2\/pages\/286\/revisions\/1791"}],"wp:attachment":[{"href":"http:\/\/vneat.org\/index.php?rest_route=%2Fwp%2Fv2%2Fmedia&parent=286"}],"curies":[{"name":"wp","href":"https:\/\/api.w.org\/{rel}","templated":true}]}}