{"id":1786,"date":"2024-06-16T21:52:37","date_gmt":"2024-06-16T13:52:37","guid":{"rendered":"http:\/\/vneat.org\/?page_id=1786"},"modified":"2024-06-16T22:20:20","modified_gmt":"2024-06-16T14:20:20","slug":"scientific-profile-phan-tran-thanh-truc","status":"publish","type":"page","link":"http:\/\/vneat.org\/?page_id=1786","title":{"rendered":"Scientific profile: Phan Tran Thanh Truc"},"content":{"rendered":"\n<div class=\"wp-block-getwid-section alignfull alignfull getwid-section-content-full-width\"><div class=\"wp-block-getwid-section__wrapper getwid-align-items-flex-start getwid-align-items-tablet-flex-start getwid-align-items-mobile-flex-start\"><div class=\"wp-block-getwid-section__inner-wrapper\"><div class=\"wp-block-getwid-section__background-holder\"><div class=\"wp-block-getwid-section__background\"><\/div><div class=\"wp-block-getwid-section__foreground\"><\/div><\/div><div class=\"wp-block-getwid-section__content\"><div class=\"wp-block-getwid-section__inner-content\">\n<div class=\"wp-block-columns is-layout-flex wp-container-core-columns-is-layout-9d6595d7 wp-block-columns-is-layout-flex\">\n<div class=\"wp-block-column is-layout-flow wp-block-column-is-layout-flow\" style=\"flex-basis:33.33%\">\n<div class=\"wp-block-getwid-person\"><div class=\"wp-block-getwid-person__image\"><img loading=\"lazy\" decoding=\"async\" width=\"164\" height=\"165\" src=\"http:\/\/vneat.org\/wp-content\/uploads\/2024\/06\/image.png\" class=\"wp-image-1789\" srcset=\"http:\/\/vneat.org\/wp-content\/uploads\/2024\/06\/image.png 164w, http:\/\/vneat.org\/wp-content\/uploads\/2024\/06\/image-150x150.png 150w, http:\/\/vneat.org\/wp-content\/uploads\/2024\/06\/image-83x83.png 83w\" sizes=\"auto, (max-width: 164px) 100vw, 164px\" \/><\/div><div class=\"wp-block-getwid-person__content-wrapper\"><span class=\"wp-block-getwid-person__title\"><strong>Dr. Truc (Steve) Phan<\/strong><\/span><p class=\"wp-block-getwid-person__content\">VNEAT Member<\/p>\n<div class=\"wp-block-getwid-social-links has-default-spacing\"><ul class=\"wp-block-getwid-social-links__list getwid-justify-content-center\"><li class=\"wp-block-getwid-social-links__item\"><a class=\"wp-block-getwid-social-links__link\" href=\"https:\/\/www.facebook.com\/\"><span class=\"wp-block-getwid-social-links__wrapper\"><i class=\"fab fa-facebook-f\"><\/i><\/span><\/a><\/li><li class=\"wp-block-getwid-social-links__item\"><a class=\"wp-block-getwid-social-links__link\" href=\"https:\/\/twitter.com\/\"><span class=\"wp-block-getwid-social-links__wrapper\"><i class=\"fab fa-twitter\"><\/i><\/span><\/a><\/li><li class=\"wp-block-getwid-social-links__item\"><a class=\"wp-block-getwid-social-links__link\" href=\"https:\/\/www.instagram.com\/\"><span class=\"wp-block-getwid-social-links__wrapper\"><i class=\"fab fa-instagram\"><\/i><\/span><\/a><\/li><li class=\"wp-block-getwid-social-links__item\"><a class=\"wp-block-getwid-social-links__link\" href=\"https:\/\/www.youtube.com\/\"><span class=\"wp-block-getwid-social-links__wrapper\"><i class=\"fab fa-youtube\"><\/i><\/span><\/a><\/li><\/ul><\/div>\n<\/div><\/div>\n\n\n\n<p class=\"has-text-align-center\"><\/p>\n<\/div>\n\n\n\n<div class=\"wp-block-column is-layout-flow wp-block-column-is-layout-flow\" style=\"flex-basis:66.66%\">\n<div class=\"wp-block-getwid-advanced-heading alignfull alignfull has-custom-font-size fs-tablet-80 fs-mobile-50\" style=\"font-size:30px\"><span class=\"wp-block-getwid-advanced-heading__content has-text-color has-vivid-red-color\" style=\"font-family:&quot;Work Sans&quot;;font-weight:normal;text-transform:capitalize\"><strong>Dr. Phan Tran Thanh Truc&nbsp;&nbsp;<\/strong>&nbsp;&nbsp;&nbsp;&nbsp;&nbsp;&nbsp;&nbsp;&nbsp;&nbsp;&nbsp;&nbsp;&nbsp;&nbsp;&nbsp;&nbsp;&nbsp;&nbsp;&nbsp;&nbsp;&nbsp;&nbsp;&nbsp;&nbsp;&nbsp;&nbsp;&nbsp;&nbsp;&nbsp;&nbsp;&nbsp;&nbsp;&nbsp;&nbsp;<\/span><\/div>\n\n\n\n<p><strong>Position\/Title<\/strong>: Member<\/p>\n\n\n\n<p><strong>Email<\/strong>: <a href=\"mailto:phantranthanhtruc@muce.edu.vn\" target=\"_blank\" rel=\"noreferrer noopener\">phantranthanhtruc@muce.edu.vn<\/a><\/p>\n\n\n\n<p><strong>Education:<\/strong> Ph.D degree in Geotechnical and Geoenvironmental Engineering from the National Taipei University of Technology, Taiwan.<\/p>\n\n\n\n<p><strong>Affiliation\/Organization<\/strong>: Lecturer, R&amp;D Leader of SIN Lab, Faculty of Civil Engineering, Mientrung University of Civil Engineering.<\/p>\n\n\n\n<p><strong>Field of expertise:<\/strong><\/p>\n\n\n\n<p>Dr. Truc (Steve) Phan obtained a Ph.D degree in Geotechnical and Geoenvironmental Engineering from the National Taipei University of Technology, Taiwan, and has been working as a Lecturer and R&amp;D Leader of SIN Lab in the Dept. of Geotechnics of Faculty of Civil Engineering, Mientrung University of Civil Engineering (MUCE), Ministry of Construction of Vietnam (MOC). Dr. Truc is a member of the Vietnamese Geotechnical Society (VSSMGE) and the International Geosynthetics Society (IGS). Research interest: Soil Improvement with Geosynthetics; Nature Disaster; AI in Civil Engineering; Carbon Solutions; STEM Education; and also High-Tech startup.<\/p>\n\n\n\n<p><em>Ti\u1ebfn s\u0129 Phan Tr\u1ea7n Thanh Tr\u00fac, t\u1ed1t nghi\u1ec7p \u0110\u1ea1i H\u1ecdc t\u1eeb Tr\u01b0\u1eddng \u0110\u1ea1i H\u1ecdc B\u00e1ch Khoa \u0110\u00e0 N\u1eb5ng v\u1edbi chuy\u00ean ng\u00e0nh K\u1ef9 Thu\u1eadt C\u00f4ng Tr\u00ecnh Giao Th\u00f4ng, Th\u1ea1c s\u0129 v\u00e0 Ti\u1ebfn S\u0129 chuy\u00ean ng\u00e0nh \u0110\u1ecba K\u1ef9 Thu\u1eadt X\u00e2y D\u1ef1ng t\u1eeb tr\u01b0\u1eddng \u0110\u1ea1i H\u1ecdc B\u00e1ch Khoa H\u1ed3 Ch\u00ed Minh v\u00e0 \u0110\u1ea1i H\u1ecdc C\u00f4ng Ngh\u1ec7 Qu\u1ed1c Gia \u0110\u00e0i B\u1eafc. Hi\u1ec7n Tr\u00fac \u0111ang l\u00e0 Gi\u1ea3ng vi\u00ean v\u00e0 l\u00e0 Tr\u01b0\u1edfng nh\u00f3m nghi\u00ean c\u1ee9u H\u1ea1 T\u1ea7ng B\u1ec1n V\u1eefng v\u00e0 Gi\u1ea3m Nh\u1eb9 Thi\u00ean Tai, B\u1ed9 M\u00f4n C\u1ea7u \u0110\u01b0\u1eddng, Tr\u01b0\u1eddng \u0110\u1ea1i H\u1ecdc X\u00e2y D\u1ef1ng Mi\u1ec1n Trung, B\u1ed9 X\u00e2y D\u1ef1ng Vi\u1ec7t Nam. TS Tr\u00fac l\u00e0 th\u00e0nh vi\u00ean c\u1ee7a H\u1ed9i C\u01a1 H\u1ecdc \u0110\u1ea5t v\u00e0 N\u1ec1n M\u00f3ng Vi\u1ec7t Nam (VSSMGE), c\u0169ng nh\u01b0 th\u00e0nh vi\u00ean c\u1ee7a H\u1ed9i V\u1eadt Li\u1ec7u \u0110\u1ecba K\u1ef9 Thu\u1eadt Th\u1ebf Gi\u1edbi (IGS). C\u00e1c v\u1ea5n \u0111\u1ec1 TS Tr\u00fac quan t\u00e2m v\u00e0 nghi\u00ean c\u1ee9u nh\u01b0: \u1ee8ng d\u1ee5ng v\u1eadt li\u1ec7u \u0111\u1ecba k\u1ef9 thu\u1eadt trong ph\u00e1t tri\u1ec3n b\u1ec1n v\u1eefng, \u1ee8ng D\u1ee5ng AI trong X\u00e2y D\u1ef1ng, T\u00edn Ch\u1ec9 Carbon, Gi\u00e1o D\u1ee5c STEM, v\u00e0 kh\u1edfi nghi\u1ec7p trong m\u1ea3ng High -Tech.<\/em><\/p>\n<\/div>\n<\/div>\n<\/div><\/div><\/div><\/div><\/div>\n","protected":false},"excerpt":{"rendered":"","protected":false},"author":4,"featured_media":0,"parent":0,"menu_order":0,"comment_status":"closed","ping_status":"closed","template":"","meta":{"_FSMCFIC_featured_image_caption":"","_FSMCFIC_featured_image_nocaption":"","_FSMCFIC_featured_image_hide":"","footnotes":"","_links_to":"","_links_to_target":""},"class_list":["post-1786","page","type-page","status-publish","hentry","new-post"],"yoast_head":"<!-- This site is optimized with the Yoast SEO plugin v18.9 - https:\/\/yoast.com\/wordpress\/plugins\/seo\/ -->\n<title>Scientific profile: Phan Tran Thanh Truc - H\u1ed9i Chuy\u00ean Gia Vi\u1ec7t Nam t\u1ea1i \u0110\u00e0i Loan<\/title>\n<meta name=\"robots\" content=\"index, follow, max-snippet:-1, max-image-preview:large, max-video-preview:-1\" \/>\n<link rel=\"canonical\" href=\"http:\/\/vneat.org\/?page_id=1786\" \/>\n<meta property=\"og:locale\" content=\"vi_VN\" \/>\n<meta property=\"og:type\" content=\"article\" \/>\n<meta property=\"og:title\" content=\"Scientific profile: Phan Tran Thanh Truc - H\u1ed9i Chuy\u00ean Gia Vi\u1ec7t Nam t\u1ea1i \u0110\u00e0i Loan\" \/>\n<meta property=\"og:url\" content=\"http:\/\/vneat.org\/?page_id=1786\" \/>\n<meta property=\"og:site_name\" content=\"H\u1ed9i Chuy\u00ean Gia Vi\u1ec7t Nam t\u1ea1i \u0110\u00e0i Loan\" \/>\n<meta property=\"article:modified_time\" content=\"2024-06-16T14:20:20+00:00\" \/>\n<meta property=\"og:image\" content=\"http:\/\/vneat.org\/wp-content\/uploads\/2024\/06\/image.png\" \/>\n<meta name=\"twitter:card\" content=\"summary_large_image\" \/>\n<meta name=\"twitter:label1\" content=\"\u01af\u1edbc t\u00ednh th\u1eddi gian \u0111\u1ecdc\" \/>\n\t<meta name=\"twitter:data1\" content=\"2 ph\u00fat\" \/>\n<script type=\"application\/ld+json\" class=\"yoast-schema-graph\">{\"@context\":\"https:\/\/schema.org\",\"@graph\":[{\"@type\":\"Organization\",\"@id\":\"http:\/\/vneat.org\/#organization\",\"name\":\"H\u1ed9i Chuy\u00ean Gia Vi\u1ec7t Nam t\u1ea1i \u0110\u00e0i Loan\",\"url\":\"http:\/\/vneat.org\/\",\"sameAs\":[],\"logo\":{\"@type\":\"ImageObject\",\"inLanguage\":\"vi\",\"@id\":\"http:\/\/vneat.org\/#\/schema\/logo\/image\/\",\"url\":\"https:\/\/vneat.org\/wp-content\/uploads\/2022\/04\/VNEAT_small_logo.png\",\"contentUrl\":\"https:\/\/vneat.org\/wp-content\/uploads\/2022\/04\/VNEAT_small_logo.png\",\"width\":512,\"height\":204,\"caption\":\"H\u1ed9i Chuy\u00ean Gia Vi\u1ec7t Nam t\u1ea1i \u0110\u00e0i Loan\"},\"image\":{\"@id\":\"http:\/\/vneat.org\/#\/schema\/logo\/image\/\"}},{\"@type\":\"WebSite\",\"@id\":\"http:\/\/vneat.org\/#website\",\"url\":\"http:\/\/vneat.org\/\",\"name\":\"H\u1ed9i Chuy\u00ean Gia Vi\u1ec7t Nam t\u1ea1i \u0110\u00e0i Loan\",\"description\":\"Connect and Cooperate to Develope\",\"publisher\":{\"@id\":\"http:\/\/vneat.org\/#organization\"},\"potentialAction\":[{\"@type\":\"SearchAction\",\"target\":{\"@type\":\"EntryPoint\",\"urlTemplate\":\"http:\/\/vneat.org\/?s={search_term_string}\"},\"query-input\":\"required name=search_term_string\"}],\"inLanguage\":\"vi\"},{\"@type\":\"ImageObject\",\"inLanguage\":\"vi\",\"@id\":\"http:\/\/vneat.org\/?page_id=1786#primaryimage\",\"url\":\"http:\/\/vneat.org\/wp-content\/uploads\/2024\/06\/image.png\",\"contentUrl\":\"http:\/\/vneat.org\/wp-content\/uploads\/2024\/06\/image.png\",\"width\":164,\"height\":165},{\"@type\":\"WebPage\",\"@id\":\"http:\/\/vneat.org\/?page_id=1786#webpage\",\"url\":\"http:\/\/vneat.org\/?page_id=1786\",\"name\":\"Scientific profile: Phan Tran Thanh Truc - H\u1ed9i Chuy\u00ean Gia Vi\u1ec7t Nam t\u1ea1i \u0110\u00e0i Loan\",\"isPartOf\":{\"@id\":\"http:\/\/vneat.org\/#website\"},\"primaryImageOfPage\":{\"@id\":\"http:\/\/vneat.org\/?page_id=1786#primaryimage\"},\"datePublished\":\"2024-06-16T13:52:37+00:00\",\"dateModified\":\"2024-06-16T14:20:20+00:00\",\"breadcrumb\":{\"@id\":\"http:\/\/vneat.org\/?page_id=1786#breadcrumb\"},\"inLanguage\":\"vi\",\"potentialAction\":[{\"@type\":\"ReadAction\",\"target\":[\"http:\/\/vneat.org\/?page_id=1786\"]}]},{\"@type\":\"BreadcrumbList\",\"@id\":\"http:\/\/vneat.org\/?page_id=1786#breadcrumb\",\"itemListElement\":[{\"@type\":\"ListItem\",\"position\":1,\"name\":\"Trang ch\u1ee7\",\"item\":\"http:\/\/vneat.org\/\"},{\"@type\":\"ListItem\",\"position\":2,\"name\":\"Scientific profile: Phan Tran Thanh Truc\"}]}]}<\/script>\n<!-- \/ Yoast SEO plugin. -->","yoast_head_json":{"title":"Scientific profile: Phan Tran Thanh Truc - H\u1ed9i Chuy\u00ean Gia Vi\u1ec7t Nam t\u1ea1i \u0110\u00e0i Loan","robots":{"index":"index","follow":"follow","max-snippet":"max-snippet:-1","max-image-preview":"max-image-preview:large","max-video-preview":"max-video-preview:-1"},"canonical":"http:\/\/vneat.org\/?page_id=1786","og_locale":"vi_VN","og_type":"article","og_title":"Scientific profile: Phan Tran Thanh Truc - H\u1ed9i Chuy\u00ean Gia Vi\u1ec7t Nam t\u1ea1i \u0110\u00e0i Loan","og_url":"http:\/\/vneat.org\/?page_id=1786","og_site_name":"H\u1ed9i Chuy\u00ean Gia Vi\u1ec7t Nam t\u1ea1i \u0110\u00e0i Loan","article_modified_time":"2024-06-16T14:20:20+00:00","og_image":[{"url":"http:\/\/vneat.org\/wp-content\/uploads\/2024\/06\/image.png"}],"twitter_card":"summary_large_image","twitter_misc":{"\u01af\u1edbc t\u00ednh th\u1eddi gian \u0111\u1ecdc":"2 ph\u00fat"},"schema":{"@context":"https:\/\/schema.org","@graph":[{"@type":"Organization","@id":"http:\/\/vneat.org\/#organization","name":"H\u1ed9i Chuy\u00ean Gia Vi\u1ec7t Nam t\u1ea1i \u0110\u00e0i Loan","url":"http:\/\/vneat.org\/","sameAs":[],"logo":{"@type":"ImageObject","inLanguage":"vi","@id":"http:\/\/vneat.org\/#\/schema\/logo\/image\/","url":"https:\/\/vneat.org\/wp-content\/uploads\/2022\/04\/VNEAT_small_logo.png","contentUrl":"https:\/\/vneat.org\/wp-content\/uploads\/2022\/04\/VNEAT_small_logo.png","width":512,"height":204,"caption":"H\u1ed9i Chuy\u00ean Gia Vi\u1ec7t Nam t\u1ea1i \u0110\u00e0i Loan"},"image":{"@id":"http:\/\/vneat.org\/#\/schema\/logo\/image\/"}},{"@type":"WebSite","@id":"http:\/\/vneat.org\/#website","url":"http:\/\/vneat.org\/","name":"H\u1ed9i Chuy\u00ean Gia Vi\u1ec7t Nam t\u1ea1i \u0110\u00e0i Loan","description":"Connect and Cooperate to Develope","publisher":{"@id":"http:\/\/vneat.org\/#organization"},"potentialAction":[{"@type":"SearchAction","target":{"@type":"EntryPoint","urlTemplate":"http:\/\/vneat.org\/?s={search_term_string}"},"query-input":"required name=search_term_string"}],"inLanguage":"vi"},{"@type":"ImageObject","inLanguage":"vi","@id":"http:\/\/vneat.org\/?page_id=1786#primaryimage","url":"http:\/\/vneat.org\/wp-content\/uploads\/2024\/06\/image.png","contentUrl":"http:\/\/vneat.org\/wp-content\/uploads\/2024\/06\/image.png","width":164,"height":165},{"@type":"WebPage","@id":"http:\/\/vneat.org\/?page_id=1786#webpage","url":"http:\/\/vneat.org\/?page_id=1786","name":"Scientific profile: Phan Tran Thanh Truc - H\u1ed9i Chuy\u00ean Gia Vi\u1ec7t Nam t\u1ea1i \u0110\u00e0i Loan","isPartOf":{"@id":"http:\/\/vneat.org\/#website"},"primaryImageOfPage":{"@id":"http:\/\/vneat.org\/?page_id=1786#primaryimage"},"datePublished":"2024-06-16T13:52:37+00:00","dateModified":"2024-06-16T14:20:20+00:00","breadcrumb":{"@id":"http:\/\/vneat.org\/?page_id=1786#breadcrumb"},"inLanguage":"vi","potentialAction":[{"@type":"ReadAction","target":["http:\/\/vneat.org\/?page_id=1786"]}]},{"@type":"BreadcrumbList","@id":"http:\/\/vneat.org\/?page_id=1786#breadcrumb","itemListElement":[{"@type":"ListItem","position":1,"name":"Trang ch\u1ee7","item":"http:\/\/vneat.org\/"},{"@type":"ListItem","position":2,"name":"Scientific profile: Phan Tran Thanh Truc"}]}]}},"_links":{"self":[{"href":"http:\/\/vneat.org\/index.php?rest_route=\/wp\/v2\/pages\/1786","targetHints":{"allow":["GET"]}}],"collection":[{"href":"http:\/\/vneat.org\/index.php?rest_route=\/wp\/v2\/pages"}],"about":[{"href":"http:\/\/vneat.org\/index.php?rest_route=\/wp\/v2\/types\/page"}],"author":[{"embeddable":true,"href":"http:\/\/vneat.org\/index.php?rest_route=\/wp\/v2\/users\/4"}],"replies":[{"embeddable":true,"href":"http:\/\/vneat.org\/index.php?rest_route=%2Fwp%2Fv2%2Fcomments&post=1786"}],"version-history":[{"count":5,"href":"http:\/\/vneat.org\/index.php?rest_route=\/wp\/v2\/pages\/1786\/revisions"}],"predecessor-version":[{"id":1808,"href":"http:\/\/vneat.org\/index.php?rest_route=\/wp\/v2\/pages\/1786\/revisions\/1808"}],"wp:attachment":[{"href":"http:\/\/vneat.org\/index.php?rest_route=%2Fwp%2Fv2%2Fmedia&parent=1786"}],"curies":[{"name":"wp","href":"https:\/\/api.w.org\/{rel}","templated":true}]}}